{"id":11850,"date":"2020-11-23T18:25:29","date_gmt":"2020-11-23T17:25:29","guid":{"rendered":"https:\/\/nadegelelievre.com\/?page_id=11850"},"modified":"2022-04-01T18:13:52","modified_gmt":"2022-04-01T16:13:52","slug":"faq","status":"publish","type":"page","link":"https:\/\/nadegelelievre.com\/?page_id=11850","title":{"rendered":"FAQ"},"content":{"rendered":"\n<p class=\"wp-block-paragraph\"><strong>O\u00f9 puis-je voir les derniers travaux? <\/strong><\/p>\n\n\n\n<p class=\"wp-block-paragraph\">Vous pouvez observer le processus de cr\u00e9ation de mes illustrations, voir mes derniers travaux et vous tenir au courant des offres sp\u00e9ciales via Instagram <a href=\"https:\/\/www.instagram.com\/nadege_lelievre\/\">@Nadege_Lelievre<\/a><\/p>\n\n\n\n<p class=\"wp-block-paragraph\"><strong>Quelles options pour la livraison?<\/strong><\/p>\n\n\n\n<p class=\"wp-block-paragraph\">Nous livrons partout dans le monde! Veuillez trouver tous les d\u00e9tails concernant la livraison et les retours <a href=\"https:\/\/nadegelelievre.com\/?page_id=11825\" data-type=\"page\" data-id=\"11825\" target=\"_blank\" rel=\"noreferrer noopener\">ici<\/a>.<\/p>\n\n\n\n<p class=\"wp-block-paragraph\"><strong>Quelle est la qualit\u00e9 des tirages? <\/strong><\/p>\n\n\n\n<p class=\"wp-block-paragraph\">J&rsquo;imprime les petits formats dans mon atelier. Les tirages de grands formats sont confi\u00e9s \u00e0 un imprimeur professionnel. Les papiers ARCHES et CANSON utilis\u00e9s sont 100% coton, 310 g\/m2,  fabriqu\u00e9s en France. Leur texture est l\u00e9g\u00e8re et varie en fonction du format imprim\u00e9. Les encres utilis\u00e9es sont des encres pigmentaires de tr\u00e8s haute qualit\u00e9, les couleurs sont vives et les noirs profonds. Pour pr\u00e9server de mani\u00e8re optimale la qualit\u00e9 des encres et du papier de votre tirage, il est conseill\u00e9 de le conserver sous-verre et \u00e0 l&rsquo;abri du soleil direct.<\/p>\n\n\n\n<p class=\"wp-block-paragraph\">Veuillez noter que les couleurs peuvent l\u00e9g\u00e8rement varier en fonction de l&rsquo;\u00e9cran que vous utilisez. Si vous n&rsquo;\u00eates pas certain de la couleur des illustrations, vous avez la possibilit\u00e9 de me contacter, je pourrais vous envoyer d&rsquo;autres images pour vous donnez un meilleur aper\u00e7u de la couleur.<\/p>\n\n\n\n<p class=\"wp-block-paragraph\"><strong>Proposez-vous un service d&rsquo;encadrement?<\/strong><\/p>\n\n\n\n<p class=\"wp-block-paragraph\">Sur demande, et uniquement pour la livraison en France m\u00e9tropolitaine.<\/p>\n\n\n\n<p class=\"wp-block-paragraph\"><strong>Qu&rsquo;en est-il des droits d&rsquo;auteur?<\/strong> <\/p>\n\n\n\n<p class=\"wp-block-paragraph\">Tous les droits sont r\u00e9serv\u00e9s \u00e0 l&rsquo;auteur (Nad\u00e8ge Leli\u00e8vre) des illustrations (\u0153uvres originales et tirages) pr\u00e9sentes sur ce site, incluant les commandes particuli\u00e8res ou les illustrations d\u00e9j\u00e0 vendues. Acheter une illustration ne donne en aucune fa\u00e7on le droit ou la permission \u00e0 l&rsquo;acheteur de reproduire ou de vendre lesdites illustrations sans le consentement \u00e9crit de l&rsquo;auteur. Si vous souhaitez acqu\u00e9rir les droits d&rsquo;une des \u0153uvres pr\u00e9sentes sur ce site, merci de me contacter pour envisager cette possibilit\u00e9.<\/p>\n\n\n\n<p class=\"wp-block-paragraph\"><em>J&rsquo;utilise le stock d&rsquo;image Adobe pour les photographies pr\u00e9sentes sur le site.<\/em><\/p>\n\n\n\n<p class=\"wp-block-paragraph\">Merci pour votre visite! <\/p>\n","protected":false},"excerpt":{"rendered":"<p>O\u00f9 puis-je voir les derniers travaux? Vous pouvez observer le processus de cr\u00e9ation de mes illustrations, voir mes derniers travaux et vous tenir au courant des offres sp\u00e9ciales via Instagram @Nadege_Lelievre Quelles options pour la livraison? Nous livrons partout dans le monde! Veuillez trouver tous les d\u00e9tails concernant la livraison et les retours ici. Quelle est la qualit\u00e9 des tirages? J&rsquo;imprime les petits formats &hellip; <a href=\"https:\/\/nadegelelievre.com\/?page_id=11850\" class=\"read-more\">Lire la suite <span class=\"screen-reader-text\">FAQ<\/span><\/a><\/p>\n","protected":false},"author":42316807,"featured_media":0,"parent":0,"menu_order":0,"comment_status":"closed","ping_status":"closed","template":"","meta":{"_coblocks_attr":"","_coblocks_dimensions":"","_coblocks_responsive_height":"","_coblocks_accordion_ie_support":"","_crdt_document":"","footnotes":""},"class_list":["post-11850","page","type-page","status-publish","hentry"],"yoast_head":"<!-- This site is optimized with the Yoast SEO plugin v27.4 - https:\/\/yoast.com\/product\/yoast-seo-wordpress\/ -->\n<title>FAQ &#8902; Nadege Lelievre<\/title>\n<meta name=\"robots\" content=\"index, follow, max-snippet:-1, max-image-preview:large, max-video-preview:-1\" \/>\n<link rel=\"canonical\" href=\"https:\/\/nadegelelievre.com\/?page_id=11850\" \/>\n<meta property=\"og:locale\" content=\"fr_FR\" \/>\n<meta property=\"og:type\" content=\"article\" \/>\n<meta property=\"og:title\" content=\"FAQ &#8902; Nadege Lelievre\" \/>\n<meta property=\"og:description\" content=\"O\u00f9 puis-je voir les derniers travaux? Vous pouvez observer le processus de cr\u00e9ation de mes illustrations, voir mes derniers travaux et vous tenir au courant des offres sp\u00e9ciales via Instagram @Nadege_Lelievre Quelles options pour la livraison? Nous livrons partout dans le monde! Veuillez trouver tous les d\u00e9tails concernant la livraison et les retours ici. Quelle est la qualit\u00e9 des tirages? J&rsquo;imprime les petits formats &hellip; Lire la suite FAQ\" \/>\n<meta property=\"og:url\" content=\"https:\/\/nadegelelievre.com\/?page_id=11850\" \/>\n<meta property=\"og:site_name\" content=\"Nadege Lelievre\" \/>\n<meta property=\"article:modified_time\" content=\"2022-04-01T16:13:52+00:00\" \/>\n<meta name=\"twitter:card\" content=\"summary_large_image\" \/>\n<meta name=\"twitter:label1\" content=\"Dur\u00e9e de lecture estim\u00e9e\" \/>\n\t<meta name=\"twitter:data1\" content=\"2 minutes\" \/>\n<script type=\"application\/ld+json\" class=\"yoast-schema-graph\">{\"@context\":\"https:\\\/\\\/schema.org\",\"@graph\":[{\"@type\":\"WebPage\",\"@id\":\"https:\\\/\\\/nadegelelievre.com\\\/?page_id=11850\",\"url\":\"https:\\\/\\\/nadegelelievre.com\\\/?page_id=11850\",\"name\":\"FAQ &#8902; Nadege Lelievre\",\"isPartOf\":{\"@id\":\"https:\\\/\\\/nadegelelievre.com\\\/#website\"},\"datePublished\":\"2020-11-23T17:25:29+00:00\",\"dateModified\":\"2022-04-01T16:13:52+00:00\",\"breadcrumb\":{\"@id\":\"https:\\\/\\\/nadegelelievre.com\\\/?page_id=11850#breadcrumb\"},\"inLanguage\":\"fr-FR\",\"potentialAction\":[{\"@type\":\"ReadAction\",\"target\":[\"https:\\\/\\\/nadegelelievre.com\\\/?page_id=11850\"]}]},{\"@type\":\"BreadcrumbList\",\"@id\":\"https:\\\/\\\/nadegelelievre.com\\\/?page_id=11850#breadcrumb\",\"itemListElement\":[{\"@type\":\"ListItem\",\"position\":1,\"name\":\"Accueil\",\"item\":\"https:\\\/\\\/nadegelelievre.com\\\/\"},{\"@type\":\"ListItem\",\"position\":2,\"name\":\"FAQ\"}]},{\"@type\":\"WebSite\",\"@id\":\"https:\\\/\\\/nadegelelievre.com\\\/#website\",\"url\":\"https:\\\/\\\/nadegelelievre.com\\\/\",\"name\":\"\u2605 Under my skin \u2605 Nadege Lelievre\",\"description\":\"Art Graphisme Illustration\",\"publisher\":{\"@id\":\"https:\\\/\\\/nadegelelievre.com\\\/#organization\"},\"potentialAction\":[{\"@type\":\"SearchAction\",\"target\":{\"@type\":\"EntryPoint\",\"urlTemplate\":\"https:\\\/\\\/nadegelelievre.com\\\/?s={search_term_string}\"},\"query-input\":{\"@type\":\"PropertyValueSpecification\",\"valueRequired\":true,\"valueName\":\"search_term_string\"}}],\"inLanguage\":\"fr-FR\"},{\"@type\":\"Organization\",\"@id\":\"https:\\\/\\\/nadegelelievre.com\\\/#organization\",\"name\":\"Under my skin\",\"url\":\"https:\\\/\\\/nadegelelievre.com\\\/\",\"logo\":{\"@type\":\"ImageObject\",\"inLanguage\":\"fr-FR\",\"@id\":\"https:\\\/\\\/nadegelelievre.com\\\/#\\\/schema\\\/logo\\\/image\\\/\",\"url\":\"https:\\\/\\\/i0.wp.com\\\/undermyskin.fr\\\/wp-content\\\/uploads\\\/2021\\\/08\\\/LOGOundermyskin.png?fit=364%2C218&ssl=1\",\"contentUrl\":\"https:\\\/\\\/i0.wp.com\\\/undermyskin.fr\\\/wp-content\\\/uploads\\\/2021\\\/08\\\/LOGOundermyskin.png?fit=364%2C218&ssl=1\",\"width\":364,\"height\":218,\"caption\":\"Under my skin\"},\"image\":{\"@id\":\"https:\\\/\\\/nadegelelievre.com\\\/#\\\/schema\\\/logo\\\/image\\\/\"},\"sameAs\":[\"https:\\\/\\\/www.instagram.com\\\/nadege_lelievre\\\/\"]}]}<\/script>\n<!-- \/ Yoast SEO plugin. -->","yoast_head_json":{"title":"FAQ &#8902; Nadege Lelievre","robots":{"index":"index","follow":"follow","max-snippet":"max-snippet:-1","max-image-preview":"max-image-preview:large","max-video-preview":"max-video-preview:-1"},"canonical":"https:\/\/nadegelelievre.com\/?page_id=11850","og_locale":"fr_FR","og_type":"article","og_title":"FAQ &#8902; Nadege Lelievre","og_description":"O\u00f9 puis-je voir les derniers travaux? Vous pouvez observer le processus de cr\u00e9ation de mes illustrations, voir mes derniers travaux et vous tenir au courant des offres sp\u00e9ciales via Instagram @Nadege_Lelievre Quelles options pour la livraison? Nous livrons partout dans le monde! Veuillez trouver tous les d\u00e9tails concernant la livraison et les retours ici. Quelle est la qualit\u00e9 des tirages? J&rsquo;imprime les petits formats &hellip; Lire la suite FAQ","og_url":"https:\/\/nadegelelievre.com\/?page_id=11850","og_site_name":"Nadege Lelievre","article_modified_time":"2022-04-01T16:13:52+00:00","twitter_card":"summary_large_image","twitter_misc":{"Dur\u00e9e de lecture estim\u00e9e":"2 minutes"},"schema":{"@context":"https:\/\/schema.org","@graph":[{"@type":"WebPage","@id":"https:\/\/nadegelelievre.com\/?page_id=11850","url":"https:\/\/nadegelelievre.com\/?page_id=11850","name":"FAQ &#8902; Nadege Lelievre","isPartOf":{"@id":"https:\/\/nadegelelievre.com\/#website"},"datePublished":"2020-11-23T17:25:29+00:00","dateModified":"2022-04-01T16:13:52+00:00","breadcrumb":{"@id":"https:\/\/nadegelelievre.com\/?page_id=11850#breadcrumb"},"inLanguage":"fr-FR","potentialAction":[{"@type":"ReadAction","target":["https:\/\/nadegelelievre.com\/?page_id=11850"]}]},{"@type":"BreadcrumbList","@id":"https:\/\/nadegelelievre.com\/?page_id=11850#breadcrumb","itemListElement":[{"@type":"ListItem","position":1,"name":"Accueil","item":"https:\/\/nadegelelievre.com\/"},{"@type":"ListItem","position":2,"name":"FAQ"}]},{"@type":"WebSite","@id":"https:\/\/nadegelelievre.com\/#website","url":"https:\/\/nadegelelievre.com\/","name":"\u2605 Under my skin \u2605 Nadege Lelievre","description":"Art Graphisme Illustration","publisher":{"@id":"https:\/\/nadegelelievre.com\/#organization"},"potentialAction":[{"@type":"SearchAction","target":{"@type":"EntryPoint","urlTemplate":"https:\/\/nadegelelievre.com\/?s={search_term_string}"},"query-input":{"@type":"PropertyValueSpecification","valueRequired":true,"valueName":"search_term_string"}}],"inLanguage":"fr-FR"},{"@type":"Organization","@id":"https:\/\/nadegelelievre.com\/#organization","name":"Under my skin","url":"https:\/\/nadegelelievre.com\/","logo":{"@type":"ImageObject","inLanguage":"fr-FR","@id":"https:\/\/nadegelelievre.com\/#\/schema\/logo\/image\/","url":"https:\/\/i0.wp.com\/undermyskin.fr\/wp-content\/uploads\/2021\/08\/LOGOundermyskin.png?fit=364%2C218&ssl=1","contentUrl":"https:\/\/i0.wp.com\/undermyskin.fr\/wp-content\/uploads\/2021\/08\/LOGOundermyskin.png?fit=364%2C218&ssl=1","width":364,"height":218,"caption":"Under my skin"},"image":{"@id":"https:\/\/nadegelelievre.com\/#\/schema\/logo\/image\/"},"sameAs":["https:\/\/www.instagram.com\/nadege_lelievre\/"]}]}},"jetpack_likes_enabled":false,"jetpack_sharing_enabled":true,"jetpack_shortlink":"https:\/\/wp.me\/P9GAjF-358","amp_enabled":true,"_links":{"self":[{"href":"https:\/\/nadegelelievre.com\/index.php?rest_route=\/wp\/v2\/pages\/11850","targetHints":{"allow":["GET"]}}],"collection":[{"href":"https:\/\/nadegelelievre.com\/index.php?rest_route=\/wp\/v2\/pages"}],"about":[{"href":"https:\/\/nadegelelievre.com\/index.php?rest_route=\/wp\/v2\/types\/page"}],"author":[{"embeddable":true,"href":"https:\/\/nadegelelievre.com\/index.php?rest_route=\/wp\/v2\/users\/42316807"}],"replies":[{"embeddable":true,"href":"https:\/\/nadegelelievre.com\/index.php?rest_route=%2Fwp%2Fv2%2Fcomments&post=11850"}],"version-history":[{"count":20,"href":"https:\/\/nadegelelievre.com\/index.php?rest_route=\/wp\/v2\/pages\/11850\/revisions"}],"predecessor-version":[{"id":15391,"href":"https:\/\/nadegelelievre.com\/index.php?rest_route=\/wp\/v2\/pages\/11850\/revisions\/15391"}],"wp:attachment":[{"href":"https:\/\/nadegelelievre.com\/index.php?rest_route=%2Fwp%2Fv2%2Fmedia&parent=11850"}],"curies":[{"name":"wp","href":"https:\/\/api.w.org\/{rel}","templated":true}]}}