{"id":1263,"date":"2019-04-18T16:13:00","date_gmt":"2019-04-18T14:13:00","guid":{"rendered":"http:\/\/nadegelelievre.com\/?page_id=1263"},"modified":"2022-04-03T20:05:45","modified_gmt":"2022-04-03T18:05:45","slug":"cgv-2","status":"publish","type":"page","link":"https:\/\/nadegelelievre.com\/?page_id=1263","title":{"rendered":"CGV"},"content":{"rendered":"\n<p class=\"wp-block-paragraph\">Il est pr\u00e9alablement pr\u00e9cis\u00e9 que les pr\u00e9sentes conditions r\u00e9gissent les ventes, par la soci\u00e9t\u00e9 NAD\u00c8GE LELI\u00c8VRE, des \u0153uvres et autres produits pr\u00e9sents sur le site <strong><a href=\"http:\/\/www.nadegelelievre.com\" rel=\"nofollow\">http:\/\/www.nadegelelievre.com<\/a><\/strong>. Ces conditions s\u2019appliquent \u00e0 l\u2019exclusion de toutes autres conditions.<\/p>\n\n\n\n<h6 class=\"wp-block-heading\">ARTICLE 1 \u2013 LE CLIENT<\/h6>\n\n\n\n<p class=\"wp-block-paragraph\">Le Client d\u00e9clare \u00eatre une personne physique, \u00e2g\u00e9e d\u2019au moins 18 ans et avoir la capacit\u00e9 juridique ou \u00eatre titulaire d\u2019une autorisation parentale lui permettant d\u2019effectuer une commande sur le Site. Lors de l\u2019enregistrement des donn\u00e9es personnelles du Client dans la rubrique \u201cmon compte\u201d, ce dernier doit s\u2019assurer de l\u2019exactitude et de l\u2019exhaustivit\u00e9 des donn\u00e9es obligatoires qu\u2019il fournit. En cas d\u2019erreur dans le libell\u00e9 des coordonn\u00e9es du destinataire, la soci\u00e9t\u00e9 NAD\u00c8GE LELI\u00c8VRE ne saurait \u00eatre tenue responsable de l\u2019impossibilit\u00e9 de livrer le produit. La Soci\u00e9t\u00e9 NAD\u00c8GE LELI\u00c8VRE se r\u00e9serve le droit d\u2019annuler toute commande lorsque l\u2019adresse IP du client sera domicili\u00e9e dans un pays diff\u00e9rent de l\u2019adresse de facturation et\/ou de livraison. La souscription \u00e0 un contrat r\u00e9gi par les pr\u00e9sentes conditions g\u00e9n\u00e9rales avec la soci\u00e9t\u00e9 NAD\u00c8GE LELI\u00c8VRE suppose l\u2019acceptation, par l\u2019internaute, de l\u2019int\u00e9gralit\u00e9 des conditions g\u00e9n\u00e9rales, qui reconna\u00eet du m\u00eame fait en avoir pris pleinement connaissance. Cette acceptation consistera dans le fait, pour l\u2019internaute, de cocher la case correspondant \u00e0 la phrase suivante : \u00ab je reconnais avoir lu et accept\u00e9 les conditions g\u00e9n\u00e9rales de vente \u00bb. Ce fait de cocher la case sera r\u00e9put\u00e9 avoir la m\u00eame valeur qu\u2019une signature manuscrite de la part de l\u2019internaute. L\u2019internaute reconna\u00eet la valeur de preuve des syst\u00e8mes d\u2019enregistrement automatique de l\u2019\u00e9diteur du pr\u00e9sent site et, sauf pour lui d\u2019apporter preuve contraire, il renonce \u00e0 les contester en cas de litige. L\u2019acceptation des pr\u00e9sentes conditions g\u00e9n\u00e9rales suppose de la part des internautes qu\u2019ils jouissent de la capacit\u00e9 juridique n\u00e9cessaire pour cela, ou \u00e0 d\u00e9faut d\u2019en avoir l\u2019autorisation d\u2019un tuteur ou d\u2019un curateur s\u2019ils sont incapables ou de leur repr\u00e9sentant l\u00e9gal s\u2019ils sont mineurs.<\/p>\n\n\n\n<h6 class=\"wp-block-heading\">ARTICLE 2 \u2013 COMMANDE<\/h6>\n\n\n\n<p class=\"wp-block-paragraph\">Sur Internet : <a href=\"http:\/\/www.nadegelelievre.com\" rel=\"nofollow\">http:\/\/www.nadegelelievre.com<\/a><\/p>\n\n\n\n<p class=\"wp-block-paragraph\">La prise de commande sur le Site est soumise au respect de la proc\u00e9dure mise en place par la soci\u00e9t\u00e9 NAD\u00c8GE LELI\u00c8VRE concr\u00e9tis\u00e9e par une succession de diff\u00e9rentes \u00e9tapes que le client doit imp\u00e9rativement suivre pour valider sa commande. Le client aura la possibilit\u00e9, avant de valider d\u00e9finitivement sa commande, de v\u00e9rifier le d\u00e9tail de celle-ci et son prix total, et de corriger d\u2019\u00e9ventuelles erreurs, avant de confirmer celle-ci pour exprimer son acceptation. Toute commande confirm\u00e9e par le Client vaut contrat de vente et acceptation de l\u2019ensemble des stipulations des pr\u00e9sentes. Un email de confirmation r\u00e9capitulant la commande (produits, prix, quantit\u00e9\u2026) sera adress\u00e9 au client par la Soci\u00e9t\u00e9 NAD\u00c8GE LELI\u00c8VRE. \u00c0 cet effet, le client accepte formellement l\u2019usage du courrier \u00e9lectronique pour la confirmation par la Soci\u00e9t\u00e9 NAD\u00c8GE LELI\u00c8VRE du contenu de sa commande. NAD\u00c8GE LELI\u00c8VRE se r\u00e9serve le droit d\u2019annuler ou de refuser toute commande d\u2019un client avec lequel il existerait un litige relatif au paiement d\u2019une commande ant\u00e9rieure.<\/p>\n\n\n\n<h6 class=\"wp-block-heading\">ARTICLE 3 \u2013 PRIX<\/h6>\n\n\n\n<p class=\"wp-block-paragraph\">Les prix de nos produits sont indiqu\u00e9s en euros toutes taxes comprises hors participation aux frais de traitement et d\u2019exp\u00e9dition. Ces prix sont communiqu\u00e9s en Euros.&nbsp;En cas de commande vers un pays autre que la France m\u00e9tropolitaine vous \u00eates l\u2019importateur du ou des produits concern\u00e9s. Pour tous les produits exp\u00e9di\u00e9s hors Union Europ\u00e9enne et DOM-TOM, le prix sera calcul\u00e9 hors taxes automatiquement sur la facture. Des droits de douane ou autres taxes locales ou droits d\u2019importation ou taxes d\u2019\u00c9tat sont susceptibles d\u2019\u00eatre exigibles. Ces droits et sommes ne rel\u00e8vent pas du ressort de la soci\u00e9t\u00e9 NAD\u00c8GE LELI\u00c8VRE. Ils seront \u00e0 votre charge et rel\u00e8vent de son enti\u00e8re responsabilit\u00e9 tant en termes de d\u00e9clarations que de paiements aux autorit\u00e9s et\/organismes comp\u00e9tents de votre pays. Nous vous conseillons de vous renseigner sur ces aspects aupr\u00e8s de vos autorit\u00e9s locales. Toutes les commandes quelle que soit leur origine sont payables en Euros. NAD\u00c8GE LELI\u00c8VRE se r\u00e9serve le droit de modifier ses prix \u00e0 tout moment mais les produits seront factur\u00e9s sur la base des tarifs en vigueur au moment de l\u2019enregistrement des commandes sous r\u00e9serve de leur disponibilit\u00e9.<\/p>\n\n\n\n<h6 class=\"wp-block-heading\" id=\"livraison\">ARTICLE 4 \u2013 VALIDATION<\/h6>\n\n\n\n<p class=\"wp-block-paragraph\">Quand vous cliquez sur le bouton \u00ab Valider ma commande \u00bb apr\u00e8s le processus de commande, vous d\u00e9clarez accepter celle-ci ainsi que l\u2019int\u00e9gralit\u00e9 des pr\u00e9sentes Conditions G\u00e9n\u00e9rales de Vente pleinement et sans r\u00e9serve.&nbsp;Les donn\u00e9es enregistr\u00e9es par <strong><a href=\"http:\/\/www.nadegelelievre.com\" rel=\"nofollow\">http:\/\/www.nadegelelievre.com<\/a> <\/strong>constituent la preuve de l\u2019ensemble des transactions pass\u00e9es par NAD\u00c8GE LELI\u00c8VRE et ses clients. Les donn\u00e9es enregistr\u00e9es par le syst\u00e8me de paiement Paypal et \/ou le service de paiement&nbsp;fourni par la banque Soci\u00e9t\u00e9 G\u00e9n\u00e9rale constituent la preuve des transactions financi\u00e8res.<\/p>\n\n\n\n<h6 class=\"wp-block-heading\">ARTICLE 5 \u2013 DISPONIBILIT\u00c9<\/h6>\n\n\n\n<p class=\"wp-block-paragraph\">Nos offres de produits sont propos\u00e9es dans la limite des stocks disponibles.&nbsp;Lorsqu\u2019un produit n\u2019est plus disponible, celui-ci s\u2019affiche \u00ab&nbsp;Rupture de stock&nbsp;\u00bb.<\/p>\n\n\n\n<h6 class=\"wp-block-heading\">ARTICLE 6 \u2013 LIVRAISON<\/h6>\n\n\n\n<p class=\"wp-block-paragraph\">Les produits sont livr\u00e9s \u00e0 l\u2019adresse de livraison que vous avez indiqu\u00e9e au cours du processus de commande.&nbsp;Toutes les commandes sont envoy\u00e9es en lettre, lettre recommand\u00e9e, Colissimo, pour la France m\u00e9tropolitaine et en Colissimo pour toute autre destination dans un d\u00e9lai d&rsquo;une \u00e0 deux semaines suivant la validation de la commande (uniquement les jours ouvr\u00e9s). Les d\u00e9lais de livraison figurant dans sur les fiches produit et la page \u00ab\u00a0D\u00e9lais et livraison\u00a0\u00bb sur <strong><a href=\"http:\/\/www.nadegelelievre.com\" rel=\"nofollow\">http:\/\/www.nadegelelievre.com<\/a><\/strong> ne sont donn\u00e9s, sauf stipulation contraire, qu\u2019\u00e0 titre indicatif. La Soci\u00e9t\u00e9 NAD\u00c8GE LELI\u00c8VRE ne pourra \u00eatre tenue responsable des cons\u00e9quences dues \u00e0 un retard d\u2019acheminement n\u2019\u00e9tant pas de son fait. Les retards \u00e9ventuels ne sauraient donner au client le droit d\u2019annuler la commande, de la refuser ou de demander des dommages et int\u00e9r\u00eats.<\/p>\n\n\n\n<p class=\"wp-block-paragraph\">NAD\u00c8GE LELI\u00c8VRE s\u2019engage \u00e0 apporter un soin particulier \u00e0 l\u2019emballage et \u00e0 l\u2019envoi des \u0153uvres. Chaque \u0153uvre papier jusqu&rsquo;au format 21 x 29,7 cm est envoy\u00e9e dans une enveloppe cartonn\u00e9e, les \u0153uvre \u00e0 partir du format 29,7 x 42 et au-del\u00e0 sont emball\u00e9es dans des tubes en carton. NAD\u00c8GE LELI\u00c8VRE s\u2019engage \u00e0 renvoyer au client un nouveau colis (sous r\u00e9serve de disponibilit\u00e9) si le premier colis est livr\u00e9 endommag\u00e9 (traces visibles de d\u00e9t\u00e9rioration et \/ ou d\u2019ouverture) sous r\u00e9serve que le client ait pr\u00e9alablement refus\u00e9 le colis au service postal de son pays, ait envoy\u00e9 un email \u00e0 NAD\u00c8GE LELI\u00c8VRE d\u00e8s r\u00e9ception pour pr\u00e9venir de l\u2019incident, et que celui-ci ait \u00e9t\u00e9 r\u00e9exp\u00e9di\u00e9 par le service postal \u00e0 NAD\u00c8GE LELI\u00c8VRE, sans aucun frais suppl\u00e9mentaire pour le client. Si le colis n\u2019est pas re\u00e7u par le client et si la preuve est amen\u00e9e que le colis a \u00e9t\u00e9 perdu par La Poste ou tout autre service postal \u00e0 l\u2019\u00e9tranger, NAD\u00c8GE LELI\u00c8VRE s\u2019engage \u00e0 livrer au client un nouveau colis correspondant \u00e0 sa commande initiale (sous r\u00e9serve de disponibilit\u00e9), sans aucun frais suppl\u00e9mentaire pour le client.<\/p>\n\n\n\n<h6 class=\"wp-block-heading\">ARTICLE 7 \u2013 \u00c9CHANGE &amp; RETOUR<\/h6>\n\n\n\n<p class=\"wp-block-paragraph\">NAD\u00c8GE LELI\u00c8VRE vous donne la possibilit\u00e9 d\u2019\u00e9changer ou de retourner votre illustration jusqu\u2019\u00e0 14 jours apr\u00e8s la validation de votre commande. Les frais de ports seront \u00e0 la charge du client.<\/p>\n\n\n\n<h6 class=\"wp-block-heading\">ARTICLE 8 \u2013 PAIEMENT &amp; S\u00c9CURISATION<\/h6>\n\n\n\n<p class=\"wp-block-paragraph\">Le r\u00e8glement de vos achats s\u2019effectue \u00e0 travers le service de payement s\u00e9curis\u00e9 fourni par Paypal. Ce mode de&nbsp;paiement fait&nbsp;l\u2019objet d\u2019un syst\u00e8me de s\u00e9curisation.<\/p>\n\n\n\n<h6 class=\"wp-block-heading\">ARTICLE 9 \u2013 SERVICE CLIENT\u00c8LE<\/h6>\n\n\n\n<p class=\"wp-block-paragraph\">Pour toute information ou question, notre service Client\u00e8le est \u00e0 votre disposition :<br>Email :&nbsp;<a href=\"mailto:serviceclient@nadegelelievre.com\">serviceclient@nadegelelievre.com<\/a><\/p>\n\n\n\n<h6 class=\"wp-block-heading\">ARTICLE 10 \u2013 PROPRI\u00c9T\u00c9 INTELLECTUELLE<\/h6>\n\n\n\n<p class=\"wp-block-paragraph\">Tous les textes, commentaires, ouvrages, illustrations et images reproduits sur le site <strong><a href=\"http:\/\/www.nadegelelievre.com\" rel=\"nofollow\">http:\/\/www.nadegelelievre.com<\/a><\/strong> sont r\u00e9serv\u00e9s au titre du droit d\u2019auteur ainsi qu\u2019au titre de la propri\u00e9t\u00e9 intellectuelle et pour le monde entier. \u00c0 ce titre et conform\u00e9ment aux dispositions du Code de la Propri\u00e9t\u00e9 Intellectuelle, seule l\u2019utilisation pour un usage priv\u00e9 sous r\u00e9serve de dispositions diff\u00e9rentes voire plus restrictives du code de la propri\u00e9t\u00e9 intellectuelle. Toute autre utilisation est constitutive de contrefa\u00e7on et sanctionn\u00e9e au titre de la Propri\u00e9t\u00e9 Intellectuelle sauf autorisation pr\u00e9alable de NAD\u00c8GE LELI\u00c8VRE. Toute reproduction totale ou partielle de l&rsquo;ensemble des illustrations de NAD\u00c8GE LELI\u00c8VRE est strictement interdite.<\/p>\n\n\n\n<h6 class=\"wp-block-heading\">ARTICLE 11 \u2013 RESPONSABILIT\u00c9<\/h6>\n\n\n\n<p class=\"wp-block-paragraph\">Les produits propos\u00e9s sont conformes \u00e0 la l\u00e9gislation fran\u00e7aise en vigueur. Il vous appartient de v\u00e9rifier aupr\u00e8s des autorit\u00e9s locales les possibilit\u00e9s d\u2019importation ou d\u2019utilisation des produits ou services que vos envisagez de commander. Les photographies et les textes reproduits et illustrant les produits pr\u00e9sent\u00e9s ne sont pas contractuels. En cons\u00e9quence, la responsabilit\u00e9 de NAD\u00c8GE LELI\u00c8VRE ne saurait \u00eatre engag\u00e9e en cas d\u2019erreur dans l\u2019une de ces photographies ou l\u2019un de ces textes. NAD\u00c8GE LELI\u00c8VRE ne saurait \u00eatre tenue pour responsable de l\u2019inex\u00e9cution du contrat conclu en cas de rupture de stock ou indisponibilit\u00e9 du produit, de force majeure, de perturbation ou gr\u00e8ve totale ou partielle notamment des services postaux et moyens de transport et\/ou communications, inondation, incendie.&nbsp;NAD\u00c8GE LELI\u00c8VRE n\u2019encourra aucune responsabilit\u00e9 pour tous dommages indirects du fait des pr\u00e9sentes, perte d\u2019exploitation, perte de profit, perte de change, dommages ou frais. Des liens hypertextes peuvent renvoyer vers d\u2019autres sites. NAD\u00c8GE LELI\u00c8VRE d\u00e9gage toute responsabilit\u00e9 dans le cas o\u00f9 le contenu de ces sites contreviendrait aux dispositions l\u00e9gales et r\u00e9glementaires en vigueur. Le pr\u00e9sent contrat est soumis \u00e0 la loi fran\u00e7aise. La langue du pr\u00e9sent contrat est la langue fran\u00e7aise. En cas de litige les tribunaux Fran\u00e7ais seront seuls comp\u00e9tents.<\/p>\n\n\n\n<h6 class=\"wp-block-heading\">ARTICLE 12 \u2013 INFORMATIONS NOMINATIVES<\/h6>\n\n\n\n<p class=\"wp-block-paragraph\">NAD\u00c8GE LELI\u00c8VRE s\u2019engage \u00e0 ne pas divulguer \u00e0 des tiers les informations que vous lui communiquez. Celles-ci sont confidentielles. Elles ne seront utilis\u00e9es par ses services internes que pour le traitement de votre commande et que pour renforcer et personnaliser la communication et l\u2019offre culturelle et produit r\u00e9serv\u00e9es aux clients de NAD\u00c8GE LELI\u00c8VRE, notamment par les lettres d\u2019informations de NAD\u00c8GE LELI\u00c8VRE auxquelles vous vous serez abonn\u00e9s ainsi que dans le cadre de la personnalisation du site en fonction de vos centres d\u2019int\u00e9r\u00eats.&nbsp;Pour \u00eatre d\u00e9sinscrit de la liste de diffusion par courriel (mailing list) veuillez cliquer sur le lien en bas de la page de la Mailing list.&nbsp;Tous les d\u00e9tails de paiement sont la responsabilit\u00e9 du service s\u00e9curis\u00e9 Paypal .<\/p>\n","protected":false},"excerpt":{"rendered":"<p>Il est pr\u00e9alablement pr\u00e9cis\u00e9 que les pr\u00e9sentes conditions r\u00e9gissent les ventes, par la soci\u00e9t\u00e9 NAD\u00c8GE LELI\u00c8VRE, des \u0153uvres et autres produits pr\u00e9sents sur le site <a href=\"http:\/\/www.nadegelelievre.com\" rel=\"nofollow\">http:\/\/www.nadegelelievre.com<\/a>. Ces conditions s\u2019appliquent \u00e0 l\u2019exclusion de toutes autres conditions. ARTICLE 1 \u2013 LE CLIENT Le Client d\u00e9clare \u00eatre une personne physique, \u00e2g\u00e9e d\u2019au moins 18 ans et avoir la capacit\u00e9 juridique ou \u00eatre titulaire d\u2019une autorisation parentale lui &hellip; <a href=\"https:\/\/nadegelelievre.com\/?page_id=1263\" class=\"read-more\">Lire la suite <span class=\"screen-reader-text\">CGV<\/span><\/a><\/p>\n","protected":false},"author":42316807,"featured_media":0,"parent":0,"menu_order":0,"comment_status":"closed","ping_status":"closed","template":"","meta":{"_coblocks_attr":"","_coblocks_dimensions":"","_coblocks_responsive_height":"","_coblocks_accordion_ie_support":"","_crdt_document":"","footnotes":""},"class_list":["post-1263","page","type-page","status-publish","hentry"],"yoast_head":"<!-- This site is optimized with the Yoast SEO plugin v27.4 - https:\/\/yoast.com\/product\/yoast-seo-wordpress\/ -->\n<title>CGV &#8902; Nadege Lelievre<\/title>\n<meta name=\"robots\" content=\"index, follow, max-snippet:-1, max-image-preview:large, max-video-preview:-1\" \/>\n<link rel=\"canonical\" href=\"https:\/\/nadegelelievre.com\/?page_id=1263\" \/>\n<meta property=\"og:locale\" content=\"fr_FR\" \/>\n<meta property=\"og:type\" content=\"article\" \/>\n<meta property=\"og:title\" content=\"CGV &#8902; Nadege Lelievre\" \/>\n<meta property=\"og:description\" content=\"Il est pr\u00e9alablement pr\u00e9cis\u00e9 que les pr\u00e9sentes conditions r\u00e9gissent les ventes, par la soci\u00e9t\u00e9 NAD\u00c8GE LELI\u00c8VRE, des \u0153uvres et autres produits pr\u00e9sents sur le site http:\/\/www.nadegelelievre.com. Ces conditions s\u2019appliquent \u00e0 l\u2019exclusion de toutes autres conditions. ARTICLE 1 \u2013 LE CLIENT Le Client d\u00e9clare \u00eatre une personne physique, \u00e2g\u00e9e d\u2019au moins 18 ans et avoir la capacit\u00e9 juridique ou \u00eatre titulaire d\u2019une autorisation parentale lui &hellip; Lire la suite CGV\" \/>\n<meta property=\"og:url\" content=\"https:\/\/nadegelelievre.com\/?page_id=1263\" \/>\n<meta property=\"og:site_name\" content=\"Nadege Lelievre\" \/>\n<meta property=\"article:modified_time\" content=\"2022-04-03T18:05:45+00:00\" \/>\n<meta name=\"twitter:card\" content=\"summary_large_image\" \/>\n<meta name=\"twitter:label1\" content=\"Dur\u00e9e de lecture estim\u00e9e\" \/>\n\t<meta name=\"twitter:data1\" content=\"9 minutes\" \/>\n<script type=\"application\/ld+json\" class=\"yoast-schema-graph\">{\"@context\":\"https:\\\/\\\/schema.org\",\"@graph\":[{\"@type\":\"WebPage\",\"@id\":\"https:\\\/\\\/nadegelelievre.com\\\/?page_id=1263\",\"url\":\"https:\\\/\\\/nadegelelievre.com\\\/?page_id=1263\",\"name\":\"CGV &#8902; Nadege Lelievre\",\"isPartOf\":{\"@id\":\"https:\\\/\\\/nadegelelievre.com\\\/#website\"},\"datePublished\":\"2019-04-18T14:13:00+00:00\",\"dateModified\":\"2022-04-03T18:05:45+00:00\",\"breadcrumb\":{\"@id\":\"https:\\\/\\\/nadegelelievre.com\\\/?page_id=1263#breadcrumb\"},\"inLanguage\":\"fr-FR\",\"potentialAction\":[{\"@type\":\"ReadAction\",\"target\":[\"https:\\\/\\\/nadegelelievre.com\\\/?page_id=1263\"]}]},{\"@type\":\"BreadcrumbList\",\"@id\":\"https:\\\/\\\/nadegelelievre.com\\\/?page_id=1263#breadcrumb\",\"itemListElement\":[{\"@type\":\"ListItem\",\"position\":1,\"name\":\"Accueil\",\"item\":\"https:\\\/\\\/nadegelelievre.com\\\/\"},{\"@type\":\"ListItem\",\"position\":2,\"name\":\"CGV\"}]},{\"@type\":\"WebSite\",\"@id\":\"https:\\\/\\\/nadegelelievre.com\\\/#website\",\"url\":\"https:\\\/\\\/nadegelelievre.com\\\/\",\"name\":\"\u2605 Under my skin \u2605 Nadege Lelievre\",\"description\":\"Art Graphisme Illustration\",\"publisher\":{\"@id\":\"https:\\\/\\\/nadegelelievre.com\\\/#organization\"},\"potentialAction\":[{\"@type\":\"SearchAction\",\"target\":{\"@type\":\"EntryPoint\",\"urlTemplate\":\"https:\\\/\\\/nadegelelievre.com\\\/?s={search_term_string}\"},\"query-input\":{\"@type\":\"PropertyValueSpecification\",\"valueRequired\":true,\"valueName\":\"search_term_string\"}}],\"inLanguage\":\"fr-FR\"},{\"@type\":\"Organization\",\"@id\":\"https:\\\/\\\/nadegelelievre.com\\\/#organization\",\"name\":\"Under my skin\",\"url\":\"https:\\\/\\\/nadegelelievre.com\\\/\",\"logo\":{\"@type\":\"ImageObject\",\"inLanguage\":\"fr-FR\",\"@id\":\"https:\\\/\\\/nadegelelievre.com\\\/#\\\/schema\\\/logo\\\/image\\\/\",\"url\":\"https:\\\/\\\/i0.wp.com\\\/undermyskin.fr\\\/wp-content\\\/uploads\\\/2021\\\/08\\\/LOGOundermyskin.png?fit=364%2C218&ssl=1\",\"contentUrl\":\"https:\\\/\\\/i0.wp.com\\\/undermyskin.fr\\\/wp-content\\\/uploads\\\/2021\\\/08\\\/LOGOundermyskin.png?fit=364%2C218&ssl=1\",\"width\":364,\"height\":218,\"caption\":\"Under my skin\"},\"image\":{\"@id\":\"https:\\\/\\\/nadegelelievre.com\\\/#\\\/schema\\\/logo\\\/image\\\/\"},\"sameAs\":[\"https:\\\/\\\/www.instagram.com\\\/nadege_lelievre\\\/\"]}]}<\/script>\n<!-- \/ Yoast SEO plugin. -->","yoast_head_json":{"title":"CGV &#8902; Nadege Lelievre","robots":{"index":"index","follow":"follow","max-snippet":"max-snippet:-1","max-image-preview":"max-image-preview:large","max-video-preview":"max-video-preview:-1"},"canonical":"https:\/\/nadegelelievre.com\/?page_id=1263","og_locale":"fr_FR","og_type":"article","og_title":"CGV &#8902; Nadege Lelievre","og_description":"Il est pr\u00e9alablement pr\u00e9cis\u00e9 que les pr\u00e9sentes conditions r\u00e9gissent les ventes, par la soci\u00e9t\u00e9 NAD\u00c8GE LELI\u00c8VRE, des \u0153uvres et autres produits pr\u00e9sents sur le site http:\/\/www.nadegelelievre.com. Ces conditions s\u2019appliquent \u00e0 l\u2019exclusion de toutes autres conditions. ARTICLE 1 \u2013 LE CLIENT Le Client d\u00e9clare \u00eatre une personne physique, \u00e2g\u00e9e d\u2019au moins 18 ans et avoir la capacit\u00e9 juridique ou \u00eatre titulaire d\u2019une autorisation parentale lui &hellip; Lire la suite CGV","og_url":"https:\/\/nadegelelievre.com\/?page_id=1263","og_site_name":"Nadege Lelievre","article_modified_time":"2022-04-03T18:05:45+00:00","twitter_card":"summary_large_image","twitter_misc":{"Dur\u00e9e de lecture estim\u00e9e":"9 minutes"},"schema":{"@context":"https:\/\/schema.org","@graph":[{"@type":"WebPage","@id":"https:\/\/nadegelelievre.com\/?page_id=1263","url":"https:\/\/nadegelelievre.com\/?page_id=1263","name":"CGV &#8902; Nadege Lelievre","isPartOf":{"@id":"https:\/\/nadegelelievre.com\/#website"},"datePublished":"2019-04-18T14:13:00+00:00","dateModified":"2022-04-03T18:05:45+00:00","breadcrumb":{"@id":"https:\/\/nadegelelievre.com\/?page_id=1263#breadcrumb"},"inLanguage":"fr-FR","potentialAction":[{"@type":"ReadAction","target":["https:\/\/nadegelelievre.com\/?page_id=1263"]}]},{"@type":"BreadcrumbList","@id":"https:\/\/nadegelelievre.com\/?page_id=1263#breadcrumb","itemListElement":[{"@type":"ListItem","position":1,"name":"Accueil","item":"https:\/\/nadegelelievre.com\/"},{"@type":"ListItem","position":2,"name":"CGV"}]},{"@type":"WebSite","@id":"https:\/\/nadegelelievre.com\/#website","url":"https:\/\/nadegelelievre.com\/","name":"\u2605 Under my skin \u2605 Nadege Lelievre","description":"Art Graphisme Illustration","publisher":{"@id":"https:\/\/nadegelelievre.com\/#organization"},"potentialAction":[{"@type":"SearchAction","target":{"@type":"EntryPoint","urlTemplate":"https:\/\/nadegelelievre.com\/?s={search_term_string}"},"query-input":{"@type":"PropertyValueSpecification","valueRequired":true,"valueName":"search_term_string"}}],"inLanguage":"fr-FR"},{"@type":"Organization","@id":"https:\/\/nadegelelievre.com\/#organization","name":"Under my skin","url":"https:\/\/nadegelelievre.com\/","logo":{"@type":"ImageObject","inLanguage":"fr-FR","@id":"https:\/\/nadegelelievre.com\/#\/schema\/logo\/image\/","url":"https:\/\/i0.wp.com\/undermyskin.fr\/wp-content\/uploads\/2021\/08\/LOGOundermyskin.png?fit=364%2C218&ssl=1","contentUrl":"https:\/\/i0.wp.com\/undermyskin.fr\/wp-content\/uploads\/2021\/08\/LOGOundermyskin.png?fit=364%2C218&ssl=1","width":364,"height":218,"caption":"Under my skin"},"image":{"@id":"https:\/\/nadegelelievre.com\/#\/schema\/logo\/image\/"},"sameAs":["https:\/\/www.instagram.com\/nadege_lelievre\/"]}]}},"jetpack_likes_enabled":false,"jetpack_sharing_enabled":true,"jetpack_shortlink":"https:\/\/wp.me\/P9GAjF-kn","amp_enabled":true,"_links":{"self":[{"href":"https:\/\/nadegelelievre.com\/index.php?rest_route=\/wp\/v2\/pages\/1263","targetHints":{"allow":["GET"]}}],"collection":[{"href":"https:\/\/nadegelelievre.com\/index.php?rest_route=\/wp\/v2\/pages"}],"about":[{"href":"https:\/\/nadegelelievre.com\/index.php?rest_route=\/wp\/v2\/types\/page"}],"author":[{"embeddable":true,"href":"https:\/\/nadegelelievre.com\/index.php?rest_route=\/wp\/v2\/users\/42316807"}],"replies":[{"embeddable":true,"href":"https:\/\/nadegelelievre.com\/index.php?rest_route=%2Fwp%2Fv2%2Fcomments&post=1263"}],"version-history":[{"count":18,"href":"https:\/\/nadegelelievre.com\/index.php?rest_route=\/wp\/v2\/pages\/1263\/revisions"}],"predecessor-version":[{"id":15484,"href":"https:\/\/nadegelelievre.com\/index.php?rest_route=\/wp\/v2\/pages\/1263\/revisions\/15484"}],"wp:attachment":[{"href":"https:\/\/nadegelelievre.com\/index.php?rest_route=%2Fwp%2Fv2%2Fmedia&parent=1263"}],"curies":[{"name":"wp","href":"https:\/\/api.w.org\/{rel}","templated":true}]}}