{"id":15452,"date":"2022-04-01T20:14:23","date_gmt":"2022-04-01T18:14:23","guid":{"rendered":"https:\/\/nadegelelievre.com\/?page_id=15452"},"modified":"2022-04-02T15:57:04","modified_gmt":"2022-04-02T13:57:04","slug":"contact","status":"publish","type":"page","link":"https:\/\/nadegelelievre.com\/?page_id=15452","title":{"rendered":"Contact"},"content":{"rendered":"\n<p class=\"wp-block-paragraph\">Pour \u00eatre inform\u00e9 des derni\u00e8res cr\u00e9ations, \u00e9v\u00e8nements, ou pour l&rsquo;achat d&rsquo;une oeuvre originale ou \u00e9dition limit\u00e9e, envoyer un email et s&rsquo;inscrire \u00e0 la mailing list en cochant la case ci-dessous.<\/p>\n\n\n\n<p class=\"wp-block-paragraph\">Suivre sur <a href=\"https:\/\/www.instagram.com\/nadege_lelievre\/\" target=\"_blank\" rel=\"noreferrer noopener\">Instagram<\/a><span style=\"border-top-left-radius:2px;border-top-right-radius:2px;border-bottom-right-radius:2px;border-bottom-left-radius:2px;text-indent:20px;width:auto;padding:0 4px 0 0;text-align:center;font-style:normal;font-variant-caps:normal;font-weight:bold;font-stretch:normal;font-size:11px;line-height:20px;font-family:'Helvetica Neue', Helvetica, sans-serif;color:#ffffff;background-size:14px 14px;background-color:#bd081c;position:absolute;opacity:1;z-index:8675309;display:none;cursor:pointer;border:none;-webkit-font-smoothing:antialiased;background-position:3px 50%;background-repeat:no-repeat no-repeat;\">EnregistrerEnregistrer<\/span><\/p>\n\n\n<div class=\"wp-block-jetpack-contact-form is-layout-flex wp-container-jetpack-contact-form-is-layout-7f6ac06e wp-block-jetpack-contact-form-is-layout-flex\"><a href=\"https:\/\/nadegelelievre.com\/?page_id=15452\" target=\"_blank\" rel=\"noopener noreferrer\">Soumettre un formulaire.<\/a><\/div>","protected":false},"excerpt":{"rendered":"<p>Pour \u00eatre inform\u00e9 des derni\u00e8res cr\u00e9ations, \u00e9v\u00e8nements, ou pour l&rsquo;achat d&rsquo;une oeuvre originale ou \u00e9dition limit\u00e9e, envoyer un email et s&rsquo;inscrire \u00e0 la mailing list en cochant la case ci-dessous. Suivre sur InstagramEnregistrerEnregistrer<\/p>\n","protected":false},"author":42316807,"featured_media":0,"parent":0,"menu_order":0,"comment_status":"closed","ping_status":"closed","template":"","meta":{"_coblocks_attr":"","_coblocks_dimensions":"","_coblocks_responsive_height":"","_coblocks_accordion_ie_support":"","_crdt_document":"","footnotes":""},"class_list":["post-15452","page","type-page","status-publish","hentry"],"yoast_head":"<!-- This site is optimized with the Yoast SEO plugin v27.4 - https:\/\/yoast.com\/product\/yoast-seo-wordpress\/ -->\n<title>Contact &#8902; Nadege Lelievre<\/title>\n<meta name=\"robots\" content=\"index, follow, max-snippet:-1, max-image-preview:large, max-video-preview:-1\" \/>\n<link rel=\"canonical\" href=\"https:\/\/nadegelelievre.com\/?page_id=15452\" \/>\n<meta property=\"og:locale\" content=\"fr_FR\" \/>\n<meta property=\"og:type\" content=\"article\" \/>\n<meta property=\"og:title\" content=\"Contact &#8902; Nadege Lelievre\" \/>\n<meta property=\"og:description\" content=\"Pour \u00eatre inform\u00e9 des derni\u00e8res cr\u00e9ations, \u00e9v\u00e8nements, ou pour l&rsquo;achat d&rsquo;une oeuvre originale ou \u00e9dition limit\u00e9e, envoyer un email et s&rsquo;inscrire \u00e0 la mailing list en cochant la case ci-dessous. Suivre sur InstagramEnregistrerEnregistrer\" \/>\n<meta property=\"og:url\" content=\"https:\/\/nadegelelievre.com\/?page_id=15452\" \/>\n<meta property=\"og:site_name\" content=\"Nadege Lelievre\" \/>\n<meta property=\"article:modified_time\" content=\"2022-04-02T13:57:04+00:00\" \/>\n<meta name=\"twitter:card\" content=\"summary_large_image\" \/>\n<meta name=\"twitter:label1\" content=\"Dur\u00e9e de lecture estim\u00e9e\" \/>\n\t<meta name=\"twitter:data1\" content=\"1 minute\" \/>\n<script type=\"application\/ld+json\" class=\"yoast-schema-graph\">{\"@context\":\"https:\\\/\\\/schema.org\",\"@graph\":[{\"@type\":\"WebPage\",\"@id\":\"https:\\\/\\\/nadegelelievre.com\\\/?page_id=15452\",\"url\":\"https:\\\/\\\/nadegelelievre.com\\\/?page_id=15452\",\"name\":\"Contact &#8902; Nadege Lelievre\",\"isPartOf\":{\"@id\":\"https:\\\/\\\/nadegelelievre.com\\\/#website\"},\"datePublished\":\"2022-04-01T18:14:23+00:00\",\"dateModified\":\"2022-04-02T13:57:04+00:00\",\"breadcrumb\":{\"@id\":\"https:\\\/\\\/nadegelelievre.com\\\/?page_id=15452#breadcrumb\"},\"inLanguage\":\"fr-FR\",\"potentialAction\":[{\"@type\":\"ReadAction\",\"target\":[\"https:\\\/\\\/nadegelelievre.com\\\/?page_id=15452\"]}]},{\"@type\":\"BreadcrumbList\",\"@id\":\"https:\\\/\\\/nadegelelievre.com\\\/?page_id=15452#breadcrumb\",\"itemListElement\":[{\"@type\":\"ListItem\",\"position\":1,\"name\":\"Accueil\",\"item\":\"https:\\\/\\\/nadegelelievre.com\\\/\"},{\"@type\":\"ListItem\",\"position\":2,\"name\":\"Contact\"}]},{\"@type\":\"WebSite\",\"@id\":\"https:\\\/\\\/nadegelelievre.com\\\/#website\",\"url\":\"https:\\\/\\\/nadegelelievre.com\\\/\",\"name\":\"\u2605 Under my skin \u2605 Nadege Lelievre\",\"description\":\"Art Graphisme Illustration\",\"publisher\":{\"@id\":\"https:\\\/\\\/nadegelelievre.com\\\/#organization\"},\"potentialAction\":[{\"@type\":\"SearchAction\",\"target\":{\"@type\":\"EntryPoint\",\"urlTemplate\":\"https:\\\/\\\/nadegelelievre.com\\\/?s={search_term_string}\"},\"query-input\":{\"@type\":\"PropertyValueSpecification\",\"valueRequired\":true,\"valueName\":\"search_term_string\"}}],\"inLanguage\":\"fr-FR\"},{\"@type\":\"Organization\",\"@id\":\"https:\\\/\\\/nadegelelievre.com\\\/#organization\",\"name\":\"Under my skin\",\"url\":\"https:\\\/\\\/nadegelelievre.com\\\/\",\"logo\":{\"@type\":\"ImageObject\",\"inLanguage\":\"fr-FR\",\"@id\":\"https:\\\/\\\/nadegelelievre.com\\\/#\\\/schema\\\/logo\\\/image\\\/\",\"url\":\"https:\\\/\\\/i0.wp.com\\\/undermyskin.fr\\\/wp-content\\\/uploads\\\/2021\\\/08\\\/LOGOundermyskin.png?fit=364%2C218&ssl=1\",\"contentUrl\":\"https:\\\/\\\/i0.wp.com\\\/undermyskin.fr\\\/wp-content\\\/uploads\\\/2021\\\/08\\\/LOGOundermyskin.png?fit=364%2C218&ssl=1\",\"width\":364,\"height\":218,\"caption\":\"Under my skin\"},\"image\":{\"@id\":\"https:\\\/\\\/nadegelelievre.com\\\/#\\\/schema\\\/logo\\\/image\\\/\"},\"sameAs\":[\"https:\\\/\\\/www.instagram.com\\\/nadege_lelievre\\\/\"]}]}<\/script>\n<!-- \/ Yoast SEO plugin. -->","yoast_head_json":{"title":"Contact &#8902; Nadege Lelievre","robots":{"index":"index","follow":"follow","max-snippet":"max-snippet:-1","max-image-preview":"max-image-preview:large","max-video-preview":"max-video-preview:-1"},"canonical":"https:\/\/nadegelelievre.com\/?page_id=15452","og_locale":"fr_FR","og_type":"article","og_title":"Contact &#8902; Nadege Lelievre","og_description":"Pour \u00eatre inform\u00e9 des derni\u00e8res cr\u00e9ations, \u00e9v\u00e8nements, ou pour l&rsquo;achat d&rsquo;une oeuvre originale ou \u00e9dition limit\u00e9e, envoyer un email et s&rsquo;inscrire \u00e0 la mailing list en cochant la case ci-dessous. Suivre sur InstagramEnregistrerEnregistrer","og_url":"https:\/\/nadegelelievre.com\/?page_id=15452","og_site_name":"Nadege Lelievre","article_modified_time":"2022-04-02T13:57:04+00:00","twitter_card":"summary_large_image","twitter_misc":{"Dur\u00e9e de lecture estim\u00e9e":"1 minute"},"schema":{"@context":"https:\/\/schema.org","@graph":[{"@type":"WebPage","@id":"https:\/\/nadegelelievre.com\/?page_id=15452","url":"https:\/\/nadegelelievre.com\/?page_id=15452","name":"Contact &#8902; Nadege Lelievre","isPartOf":{"@id":"https:\/\/nadegelelievre.com\/#website"},"datePublished":"2022-04-01T18:14:23+00:00","dateModified":"2022-04-02T13:57:04+00:00","breadcrumb":{"@id":"https:\/\/nadegelelievre.com\/?page_id=15452#breadcrumb"},"inLanguage":"fr-FR","potentialAction":[{"@type":"ReadAction","target":["https:\/\/nadegelelievre.com\/?page_id=15452"]}]},{"@type":"BreadcrumbList","@id":"https:\/\/nadegelelievre.com\/?page_id=15452#breadcrumb","itemListElement":[{"@type":"ListItem","position":1,"name":"Accueil","item":"https:\/\/nadegelelievre.com\/"},{"@type":"ListItem","position":2,"name":"Contact"}]},{"@type":"WebSite","@id":"https:\/\/nadegelelievre.com\/#website","url":"https:\/\/nadegelelievre.com\/","name":"\u2605 Under my skin \u2605 Nadege Lelievre","description":"Art Graphisme Illustration","publisher":{"@id":"https:\/\/nadegelelievre.com\/#organization"},"potentialAction":[{"@type":"SearchAction","target":{"@type":"EntryPoint","urlTemplate":"https:\/\/nadegelelievre.com\/?s={search_term_string}"},"query-input":{"@type":"PropertyValueSpecification","valueRequired":true,"valueName":"search_term_string"}}],"inLanguage":"fr-FR"},{"@type":"Organization","@id":"https:\/\/nadegelelievre.com\/#organization","name":"Under my skin","url":"https:\/\/nadegelelievre.com\/","logo":{"@type":"ImageObject","inLanguage":"fr-FR","@id":"https:\/\/nadegelelievre.com\/#\/schema\/logo\/image\/","url":"https:\/\/i0.wp.com\/undermyskin.fr\/wp-content\/uploads\/2021\/08\/LOGOundermyskin.png?fit=364%2C218&ssl=1","contentUrl":"https:\/\/i0.wp.com\/undermyskin.fr\/wp-content\/uploads\/2021\/08\/LOGOundermyskin.png?fit=364%2C218&ssl=1","width":364,"height":218,"caption":"Under my skin"},"image":{"@id":"https:\/\/nadegelelievre.com\/#\/schema\/logo\/image\/"},"sameAs":["https:\/\/www.instagram.com\/nadege_lelievre\/"]}]}},"jetpack_likes_enabled":false,"jetpack_sharing_enabled":true,"jetpack_shortlink":"https:\/\/wp.me\/P9GAjF-41e","amp_enabled":true,"_links":{"self":[{"href":"https:\/\/nadegelelievre.com\/index.php?rest_route=\/wp\/v2\/pages\/15452","targetHints":{"allow":["GET"]}}],"collection":[{"href":"https:\/\/nadegelelievre.com\/index.php?rest_route=\/wp\/v2\/pages"}],"about":[{"href":"https:\/\/nadegelelievre.com\/index.php?rest_route=\/wp\/v2\/types\/page"}],"author":[{"embeddable":true,"href":"https:\/\/nadegelelievre.com\/index.php?rest_route=\/wp\/v2\/users\/42316807"}],"replies":[{"embeddable":true,"href":"https:\/\/nadegelelievre.com\/index.php?rest_route=%2Fwp%2Fv2%2Fcomments&post=15452"}],"version-history":[{"count":5,"href":"https:\/\/nadegelelievre.com\/index.php?rest_route=\/wp\/v2\/pages\/15452\/revisions"}],"predecessor-version":[{"id":15462,"href":"https:\/\/nadegelelievre.com\/index.php?rest_route=\/wp\/v2\/pages\/15452\/revisions\/15462"}],"wp:attachment":[{"href":"https:\/\/nadegelelievre.com\/index.php?rest_route=%2Fwp%2Fv2%2Fmedia&parent=15452"}],"curies":[{"name":"wp","href":"https:\/\/api.w.org\/{rel}","templated":true}]}}