{"id":3027,"date":"2019-06-16T12:50:35","date_gmt":"2019-06-16T10:50:35","guid":{"rendered":"https:\/\/nadegelelievre.com\/?page_id=3027"},"modified":"2024-09-04T13:57:15","modified_gmt":"2024-09-04T11:57:15","slug":"mentions-legales","status":"publish","type":"page","link":"https:\/\/nadegelelievre.com\/?page_id=3027","title":{"rendered":"Mentions l\u00e9gales"},"content":{"rendered":"\n<p class=\"wp-block-paragraph\"><strong>\u00c9DITION DU SITE :<\/strong><\/p>\n\n\n\n<p class=\"wp-block-paragraph\">\u00c9ditrice du site <a href=\"https:\/\/nadegelelievre.com:\">https:\/\/nadegelelievre.com<\/a> <br>et directrice de la publication: Nad\u00e8ge Leli\u00e8vre<br>Adresse: 1 rue Br\u00e9hat, 78180 Montigny le Bretonneux<br>Courrier \u00e9lectronique: contact@nadegelelievre.com<br>T\u00e9l\u00e9phone: 07 63 97 80 40<br>N\u00b0 SIRET : RCS 47865114400030<\/p>\n\n\n\n<p class=\"wp-block-paragraph\"><strong>PROPRI\u00c9T\u00c9 INTELLECTUELLE ET DROITS D\u2019AUTEUR :<\/strong><\/p>\n\n\n\n<p class=\"wp-block-paragraph\">L\u2019ensemble des textes, graphismes, dessins, illustrations, photographies et mod\u00e8les d\u2019enseigne sont soumis au droit d\u2019auteur. Toute reproduction, repr\u00e9sentation, modification, traduction,&nbsp;totale ou partielle de ce site est interdite sans autorisation expresse et pr\u00e9alable des auteurs. La repr\u00e9sentation ou reproduction, par quelque proc\u00e9d\u00e9 que ce soit, constitue une contrefa\u00e7on sanctionn\u00e9e par les articles L.335-2 et suivants du Code de la propri\u00e9t\u00e9 intellectuelle.<\/p>\n\n\n\n<p class=\"wp-block-paragraph\"><strong>COPYRIGHT ET AUTEUR&nbsp;:<\/strong><\/p>\n\n\n\n<p class=\"wp-block-paragraph\">Cr\u00e9ation du webdesign, des graphismes, illustrations, photos et r\u00e9alisation du site web par Nad\u00e8ge Leli\u00e8vre,&nbsp;graphiste et illustratrice. Tous droits r\u00e9serv\u00e9s.<\/p>\n\n\n\n<p class=\"wp-block-paragraph\"><strong>H\u00c9BERGEMENT:<\/strong><\/p>\n\n\n\n<p class=\"wp-block-paragraph\">Assur\u00e9 par OVH&nbsp;\u2013 2 rue Kellermann \u2013 59100 Roubaix \u2013 France<\/p>\n\n\n\n<p class=\"wp-block-paragraph\"><strong>VIE PRIV\u00c9E&nbsp;:<\/strong><\/p>\n\n\n\n<p class=\"wp-block-paragraph\">Conform\u00e9ment \u00e0 la loi \u00ab informatique et libert\u00e9s \u00bb du 6 janvier 1978 modifi\u00e9e en 2004, vous b\u00e9n\u00e9ficiez d\u2019un droit d\u2019acc\u00e8s et de rectification aux informations qui vous concernent, que vous pouvez exercer en prenant contact avec Nad\u00e8ge Leli\u00e8vre \u00e0 l&rsquo;adresse email suivante: <a href=\"mailto:service.client@undermyskin.fr\">serviceclient@nadegelelievre.com<\/a>. Vous pouvez \u00e9galement, pour des motifs l\u00e9gitimes, vous opposer au traitement des donn\u00e9es vous concernant.<\/p>\n\n\n\n<p class=\"wp-block-paragraph\"><strong>CONDITIONS D\u2019UTILISATION&nbsp;:<\/strong><\/p>\n\n\n\n<p class=\"wp-block-paragraph\">En utilisant ce site vous vous engagez :<\/p>\n\n\n\n<ul class=\"wp-block-list\">\n<li>\u00c0 vous conformer \u00e0 toutes les lois ou r\u00e9glementations applicables lors de votre utilisation du site et aux conditions d\u2019utilisation de ce site.<\/li>\n\n\n\n<li>\u00c0 ne pas perturber ou d\u00e9tourner le bon fonctionnement technique du site (notamment par des proc\u00e9d\u00e9s tels que le spamming).<\/li>\n\n\n\n<li>\u00c0 ne pas envoyer au travers des moyens de communication de ce site, des donn\u00e9es ou programmes informatiques qui pourraient contenir des virus informatiques, trojans, vers ou tout \u00e9l\u00e9ment susceptible de nuire au site ou \u00e0 un tiers.<\/li>\n\n\n\n<li>\u00c0 ne pas effectuer un lien vers ce site qui pourrait avoir une action nuisible sur le r\u00e9f\u00e9rencement dans les moteurs de recherche.<\/li>\n<\/ul>\n","protected":false},"excerpt":{"rendered":"<p>\u00c9DITION DU SITE : \u00c9ditrice du site <a href=\"https:\/\/nadegelelievre.com\">https:\/\/nadegelelievre.com<\/a> et directrice de la publication: Nad\u00e8ge Leli\u00e8vreAdresse: 1 rue Br\u00e9hat, 78180 Montigny le BretonneuxCourrier \u00e9lectronique: <a href=\"mailto:contact@nadegelelievre.comT\">contact@nadegelelievre.comT<\/a>\u00e9l\u00e9phone: 07 63 97 80 40N\u00b0 SIRET : RCS 47865114400030 PROPRI\u00c9T\u00c9 INTELLECTUELLE ET DROITS D\u2019AUTEUR : L\u2019ensemble des textes, graphismes, dessins, illustrations, photographies et mod\u00e8les d\u2019enseigne sont soumis au droit d\u2019auteur. Toute reproduction, repr\u00e9sentation, modification, traduction,&nbsp;totale ou partielle de ce site &hellip; <a href=\"https:\/\/nadegelelievre.com\/?page_id=3027\" class=\"read-more\">Lire la suite <span class=\"screen-reader-text\">Mentions l\u00e9gales<\/span><\/a><\/p>\n","protected":false},"author":42316807,"featured_media":0,"parent":0,"menu_order":0,"comment_status":"closed","ping_status":"closed","template":"","meta":{"_coblocks_attr":"","_coblocks_dimensions":"","_coblocks_responsive_height":"","_coblocks_accordion_ie_support":"","_crdt_document":"","footnotes":""},"class_list":["post-3027","page","type-page","status-publish","hentry"],"yoast_head":"<!-- This site is optimized with the Yoast SEO plugin v27.4 - https:\/\/yoast.com\/product\/yoast-seo-wordpress\/ -->\n<title>Mentions l\u00e9gales &#8902; Nadege Lelievre<\/title>\n<meta name=\"robots\" content=\"index, follow, max-snippet:-1, max-image-preview:large, max-video-preview:-1\" \/>\n<link rel=\"canonical\" href=\"https:\/\/nadegelelievre.com\/?page_id=3027\" \/>\n<meta property=\"og:locale\" content=\"fr_FR\" \/>\n<meta property=\"og:type\" content=\"article\" \/>\n<meta property=\"og:title\" content=\"Mentions l\u00e9gales &#8902; Nadege Lelievre\" \/>\n<meta property=\"og:description\" content=\"\u00c9DITION DU SITE : \u00c9ditrice du site https:\/\/nadegelelievre.com et directrice de la publication: Nad\u00e8ge Leli\u00e8vreAdresse: 1 rue Br\u00e9hat, 78180 Montigny le BretonneuxCourrier \u00e9lectronique: contact@nadegelelievre.comT\u00e9l\u00e9phone: 07 63 97 80 40N\u00b0 SIRET : RCS 47865114400030 PROPRI\u00c9T\u00c9 INTELLECTUELLE ET DROITS D\u2019AUTEUR : L\u2019ensemble des textes, graphismes, dessins, illustrations, photographies et mod\u00e8les d\u2019enseigne sont soumis au droit d\u2019auteur. Toute reproduction, repr\u00e9sentation, modification, traduction,&nbsp;totale ou partielle de ce site &hellip; Lire la suite Mentions l\u00e9gales\" \/>\n<meta property=\"og:url\" content=\"https:\/\/nadegelelievre.com\/?page_id=3027\" \/>\n<meta property=\"og:site_name\" content=\"Nadege Lelievre\" \/>\n<meta property=\"article:modified_time\" content=\"2024-09-04T11:57:15+00:00\" \/>\n<meta name=\"twitter:card\" content=\"summary_large_image\" \/>\n<meta name=\"twitter:label1\" content=\"Dur\u00e9e de lecture estim\u00e9e\" \/>\n\t<meta name=\"twitter:data1\" content=\"2 minutes\" \/>\n<script type=\"application\/ld+json\" class=\"yoast-schema-graph\">{\"@context\":\"https:\\\/\\\/schema.org\",\"@graph\":[{\"@type\":\"WebPage\",\"@id\":\"https:\\\/\\\/nadegelelievre.com\\\/?page_id=3027\",\"url\":\"https:\\\/\\\/nadegelelievre.com\\\/?page_id=3027\",\"name\":\"Mentions l\u00e9gales &#8902; Nadege Lelievre\",\"isPartOf\":{\"@id\":\"https:\\\/\\\/nadegelelievre.com\\\/#website\"},\"datePublished\":\"2019-06-16T10:50:35+00:00\",\"dateModified\":\"2024-09-04T11:57:15+00:00\",\"breadcrumb\":{\"@id\":\"https:\\\/\\\/nadegelelievre.com\\\/?page_id=3027#breadcrumb\"},\"inLanguage\":\"fr-FR\",\"potentialAction\":[{\"@type\":\"ReadAction\",\"target\":[\"https:\\\/\\\/nadegelelievre.com\\\/?page_id=3027\"]}]},{\"@type\":\"BreadcrumbList\",\"@id\":\"https:\\\/\\\/nadegelelievre.com\\\/?page_id=3027#breadcrumb\",\"itemListElement\":[{\"@type\":\"ListItem\",\"position\":1,\"name\":\"Accueil\",\"item\":\"https:\\\/\\\/nadegelelievre.com\\\/\"},{\"@type\":\"ListItem\",\"position\":2,\"name\":\"Mentions l\u00e9gales\"}]},{\"@type\":\"WebSite\",\"@id\":\"https:\\\/\\\/nadegelelievre.com\\\/#website\",\"url\":\"https:\\\/\\\/nadegelelievre.com\\\/\",\"name\":\"\u2605 Under my skin \u2605 Nadege Lelievre\",\"description\":\"Art Graphisme Illustration\",\"publisher\":{\"@id\":\"https:\\\/\\\/nadegelelievre.com\\\/#organization\"},\"potentialAction\":[{\"@type\":\"SearchAction\",\"target\":{\"@type\":\"EntryPoint\",\"urlTemplate\":\"https:\\\/\\\/nadegelelievre.com\\\/?s={search_term_string}\"},\"query-input\":{\"@type\":\"PropertyValueSpecification\",\"valueRequired\":true,\"valueName\":\"search_term_string\"}}],\"inLanguage\":\"fr-FR\"},{\"@type\":\"Organization\",\"@id\":\"https:\\\/\\\/nadegelelievre.com\\\/#organization\",\"name\":\"Under my skin\",\"url\":\"https:\\\/\\\/nadegelelievre.com\\\/\",\"logo\":{\"@type\":\"ImageObject\",\"inLanguage\":\"fr-FR\",\"@id\":\"https:\\\/\\\/nadegelelievre.com\\\/#\\\/schema\\\/logo\\\/image\\\/\",\"url\":\"https:\\\/\\\/i0.wp.com\\\/undermyskin.fr\\\/wp-content\\\/uploads\\\/2021\\\/08\\\/LOGOundermyskin.png?fit=364%2C218&ssl=1\",\"contentUrl\":\"https:\\\/\\\/i0.wp.com\\\/undermyskin.fr\\\/wp-content\\\/uploads\\\/2021\\\/08\\\/LOGOundermyskin.png?fit=364%2C218&ssl=1\",\"width\":364,\"height\":218,\"caption\":\"Under my skin\"},\"image\":{\"@id\":\"https:\\\/\\\/nadegelelievre.com\\\/#\\\/schema\\\/logo\\\/image\\\/\"},\"sameAs\":[\"https:\\\/\\\/www.instagram.com\\\/nadege_lelievre\\\/\"]}]}<\/script>\n<!-- \/ Yoast SEO plugin. -->","yoast_head_json":{"title":"Mentions l\u00e9gales &#8902; Nadege Lelievre","robots":{"index":"index","follow":"follow","max-snippet":"max-snippet:-1","max-image-preview":"max-image-preview:large","max-video-preview":"max-video-preview:-1"},"canonical":"https:\/\/nadegelelievre.com\/?page_id=3027","og_locale":"fr_FR","og_type":"article","og_title":"Mentions l\u00e9gales &#8902; Nadege Lelievre","og_description":"\u00c9DITION DU SITE : \u00c9ditrice du site https:\/\/nadegelelievre.com et directrice de la publication: Nad\u00e8ge Leli\u00e8vreAdresse: 1 rue Br\u00e9hat, 78180 Montigny le BretonneuxCourrier \u00e9lectronique: contact@nadegelelievre.comT\u00e9l\u00e9phone: 07 63 97 80 40N\u00b0 SIRET : RCS 47865114400030 PROPRI\u00c9T\u00c9 INTELLECTUELLE ET DROITS D\u2019AUTEUR : L\u2019ensemble des textes, graphismes, dessins, illustrations, photographies et mod\u00e8les d\u2019enseigne sont soumis au droit d\u2019auteur. Toute reproduction, repr\u00e9sentation, modification, traduction,&nbsp;totale ou partielle de ce site &hellip; Lire la suite Mentions l\u00e9gales","og_url":"https:\/\/nadegelelievre.com\/?page_id=3027","og_site_name":"Nadege Lelievre","article_modified_time":"2024-09-04T11:57:15+00:00","twitter_card":"summary_large_image","twitter_misc":{"Dur\u00e9e de lecture estim\u00e9e":"2 minutes"},"schema":{"@context":"https:\/\/schema.org","@graph":[{"@type":"WebPage","@id":"https:\/\/nadegelelievre.com\/?page_id=3027","url":"https:\/\/nadegelelievre.com\/?page_id=3027","name":"Mentions l\u00e9gales &#8902; Nadege Lelievre","isPartOf":{"@id":"https:\/\/nadegelelievre.com\/#website"},"datePublished":"2019-06-16T10:50:35+00:00","dateModified":"2024-09-04T11:57:15+00:00","breadcrumb":{"@id":"https:\/\/nadegelelievre.com\/?page_id=3027#breadcrumb"},"inLanguage":"fr-FR","potentialAction":[{"@type":"ReadAction","target":["https:\/\/nadegelelievre.com\/?page_id=3027"]}]},{"@type":"BreadcrumbList","@id":"https:\/\/nadegelelievre.com\/?page_id=3027#breadcrumb","itemListElement":[{"@type":"ListItem","position":1,"name":"Accueil","item":"https:\/\/nadegelelievre.com\/"},{"@type":"ListItem","position":2,"name":"Mentions l\u00e9gales"}]},{"@type":"WebSite","@id":"https:\/\/nadegelelievre.com\/#website","url":"https:\/\/nadegelelievre.com\/","name":"\u2605 Under my skin \u2605 Nadege Lelievre","description":"Art Graphisme Illustration","publisher":{"@id":"https:\/\/nadegelelievre.com\/#organization"},"potentialAction":[{"@type":"SearchAction","target":{"@type":"EntryPoint","urlTemplate":"https:\/\/nadegelelievre.com\/?s={search_term_string}"},"query-input":{"@type":"PropertyValueSpecification","valueRequired":true,"valueName":"search_term_string"}}],"inLanguage":"fr-FR"},{"@type":"Organization","@id":"https:\/\/nadegelelievre.com\/#organization","name":"Under my skin","url":"https:\/\/nadegelelievre.com\/","logo":{"@type":"ImageObject","inLanguage":"fr-FR","@id":"https:\/\/nadegelelievre.com\/#\/schema\/logo\/image\/","url":"https:\/\/i0.wp.com\/undermyskin.fr\/wp-content\/uploads\/2021\/08\/LOGOundermyskin.png?fit=364%2C218&ssl=1","contentUrl":"https:\/\/i0.wp.com\/undermyskin.fr\/wp-content\/uploads\/2021\/08\/LOGOundermyskin.png?fit=364%2C218&ssl=1","width":364,"height":218,"caption":"Under my skin"},"image":{"@id":"https:\/\/nadegelelievre.com\/#\/schema\/logo\/image\/"},"sameAs":["https:\/\/www.instagram.com\/nadege_lelievre\/"]}]}},"jetpack_likes_enabled":false,"jetpack_sharing_enabled":true,"jetpack_shortlink":"https:\/\/wp.me\/P9GAjF-MP","amp_enabled":true,"_links":{"self":[{"href":"https:\/\/nadegelelievre.com\/index.php?rest_route=\/wp\/v2\/pages\/3027","targetHints":{"allow":["GET"]}}],"collection":[{"href":"https:\/\/nadegelelievre.com\/index.php?rest_route=\/wp\/v2\/pages"}],"about":[{"href":"https:\/\/nadegelelievre.com\/index.php?rest_route=\/wp\/v2\/types\/page"}],"author":[{"embeddable":true,"href":"https:\/\/nadegelelievre.com\/index.php?rest_route=\/wp\/v2\/users\/42316807"}],"replies":[{"embeddable":true,"href":"https:\/\/nadegelelievre.com\/index.php?rest_route=%2Fwp%2Fv2%2Fcomments&post=3027"}],"version-history":[{"count":13,"href":"https:\/\/nadegelelievre.com\/index.php?rest_route=\/wp\/v2\/pages\/3027\/revisions"}],"predecessor-version":[{"id":17186,"href":"https:\/\/nadegelelievre.com\/index.php?rest_route=\/wp\/v2\/pages\/3027\/revisions\/17186"}],"wp:attachment":[{"href":"https:\/\/nadegelelievre.com\/index.php?rest_route=%2Fwp%2Fv2%2Fmedia&parent=3027"}],"curies":[{"name":"wp","href":"https:\/\/api.w.org\/{rel}","templated":true}]}}