{"id":15633,"date":"2022-05-20T17:21:52","date_gmt":"2022-05-20T15:21:52","guid":{"rendered":"https:\/\/nadegelelievre.com\/?post_type=product&#038;p=15633"},"modified":"2024-12-31T17:31:23","modified_gmt":"2024-12-31T16:31:23","slug":"esperance-60x80cm-2","status":"publish","type":"product","link":"https:\/\/nadegelelievre.com\/?product=esperance-60x80cm-2","title":{"rendered":"Or (50x70cm)"},"content":{"rendered":"<p><strong>Papier :<\/strong> tirage sur papier aquarelle 310 g<\/p>\n<p><strong>Technique d&rsquo;impression :<\/strong> \u00a0Impression \u00e0 l&rsquo;encre pigmentaire mate tr\u00e8s haute qualit\u00e9 avec des couleurs vives et des noirs profonds<\/p>\n<p><strong>Edition limit\u00e9e :<\/strong> 15 exemplaires dans le format 50 x 70 cm<\/p>\n<p><strong>Signature\u00a0:<\/strong> oeuvre sign\u00e9e et num\u00e9rot\u00e9e par l\u2019artiste<\/p>\n<p><strong>Oeuvre certifi\u00e9e\u00a0:<\/strong>\u00a0oeuvre livr\u00e9e avec son certificat d&rsquo;authenticit\u00e9 et num\u00e9rotation unique<\/p>\n<p><strong>Encadrement :<\/strong> oeuvre livr\u00e9e sans cadre<\/p>\n<p><em style=\"font-size: 1em;\">LIVRAISON<\/em><\/p>\n<div id=\"shopify-section-product-template\" class=\"shopify-section\">\n<div id=\"ProductSection-product-template\" class=\"product-template__container page-width\" data-section-id=\"product-template\" data-section-type=\"product\" data-enable-history-state=\"true\">\n<div class=\"grid product-single\">\n<div class=\"grid__item medium-up--one-third\">\n<div class=\"product-single__meta\">\n<div class=\"product-single__description rte\">\n<p><strong>Livraison soign\u00e9e :<\/strong>\u00a0oeuvre emball\u00e9e avec soin\u00a0et conditionn\u00e9e dans des tubes postaux \u00e9pais et solides<\/p>\n<p><strong>Exp\u00e9dition :<\/strong> colis, d\u00e9lais avant r\u00e9ception de deux semaines en moyenne<\/p>\n<p><img data-recalc-dims=\"1\" loading=\"lazy\" decoding=\"async\" data-attachment-id=\"15636\" data-permalink=\"https:\/\/nadegelelievre.com\/?attachment_id=15636\" data-orig-file=\"https:\/\/i0.wp.com\/nadegelelievre.com\/wp-content\/uploads\/2022\/05\/OrMU.jpg?fit=600%2C450&amp;ssl=1\" data-orig-size=\"600,450\" data-comments-opened=\"0\" data-image-meta=\"{&quot;aperture&quot;:&quot;0&quot;,&quot;credit&quot;:&quot;&quot;,&quot;camera&quot;:&quot;&quot;,&quot;caption&quot;:&quot;&quot;,&quot;created_timestamp&quot;:&quot;0&quot;,&quot;copyright&quot;:&quot;\\u00a9max3d007 - stock.adobe.com&quot;,&quot;focal_length&quot;:&quot;0&quot;,&quot;iso&quot;:&quot;0&quot;,&quot;shutter_speed&quot;:&quot;0&quot;,&quot;title&quot;:&quot;&quot;,&quot;orientation&quot;:&quot;0&quot;}\" data-image-title=\"OrMU\" data-image-description=\"\" data-image-caption=\"\" data-large-file=\"https:\/\/i0.wp.com\/nadegelelievre.com\/wp-content\/uploads\/2022\/05\/OrMU.jpg?fit=600%2C450&amp;ssl=1\" class=\"alignleft size-full wp-image-15636\" src=\"https:\/\/i0.wp.com\/nadegelelievre.com\/wp-content\/uploads\/2022\/05\/OrMU.jpg?resize=600%2C450&#038;ssl=1\" alt=\"\" width=\"600\" height=\"450\" srcset=\"https:\/\/i0.wp.com\/nadegelelievre.com\/wp-content\/uploads\/2022\/05\/OrMU.jpg?w=600&amp;ssl=1 600w, https:\/\/i0.wp.com\/nadegelelievre.com\/wp-content\/uploads\/2022\/05\/OrMU.jpg?resize=300%2C225&amp;ssl=1 300w, https:\/\/i0.wp.com\/nadegelelievre.com\/wp-content\/uploads\/2022\/05\/OrMU.jpg?resize=150%2C113&amp;ssl=1 150w, https:\/\/i0.wp.com\/nadegelelievre.com\/wp-content\/uploads\/2022\/05\/OrMU.jpg?resize=400%2C300&amp;ssl=1 400w, https:\/\/i0.wp.com\/nadegelelievre.com\/wp-content\/uploads\/2022\/05\/OrMU.jpg?resize=200%2C150&amp;ssl=1 200w\" sizes=\"auto, (max-width: 600px) 100vw, 600px\" \/> <img data-recalc-dims=\"1\" loading=\"lazy\" decoding=\"async\" data-attachment-id=\"15637\" data-permalink=\"https:\/\/nadegelelievre.com\/?attachment_id=15637\" data-orig-file=\"https:\/\/i0.wp.com\/nadegelelievre.com\/wp-content\/uploads\/2022\/05\/OrZoom.jpg?fit=600%2C600&amp;ssl=1\" data-orig-size=\"600,600\" data-comments-opened=\"0\" data-image-meta=\"{&quot;aperture&quot;:&quot;0&quot;,&quot;credit&quot;:&quot;&quot;,&quot;camera&quot;:&quot;&quot;,&quot;caption&quot;:&quot;&quot;,&quot;created_timestamp&quot;:&quot;0&quot;,&quot;copyright&quot;:&quot;&quot;,&quot;focal_length&quot;:&quot;0&quot;,&quot;iso&quot;:&quot;0&quot;,&quot;shutter_speed&quot;:&quot;0&quot;,&quot;title&quot;:&quot;&quot;,&quot;orientation&quot;:&quot;0&quot;}\" data-image-title=\"OrZoom\" data-image-description=\"\" data-image-caption=\"\" data-large-file=\"https:\/\/i0.wp.com\/nadegelelievre.com\/wp-content\/uploads\/2022\/05\/OrZoom.jpg?fit=600%2C600&amp;ssl=1\" class=\"alignleft size-large wp-image-15637\" src=\"https:\/\/i0.wp.com\/nadegelelievre.com\/wp-content\/uploads\/2022\/05\/OrZoom.jpg?resize=600%2C600&#038;ssl=1\" alt=\"\" width=\"600\" height=\"600\" srcset=\"https:\/\/i0.wp.com\/nadegelelievre.com\/wp-content\/uploads\/2022\/05\/OrZoom.jpg?w=600&amp;ssl=1 600w, https:\/\/i0.wp.com\/nadegelelievre.com\/wp-content\/uploads\/2022\/05\/OrZoom.jpg?resize=300%2C300&amp;ssl=1 300w, https:\/\/i0.wp.com\/nadegelelievre.com\/wp-content\/uploads\/2022\/05\/OrZoom.jpg?resize=150%2C150&amp;ssl=1 150w, https:\/\/i0.wp.com\/nadegelelievre.com\/wp-content\/uploads\/2022\/05\/OrZoom.jpg?resize=400%2C400&amp;ssl=1 400w, https:\/\/i0.wp.com\/nadegelelievre.com\/wp-content\/uploads\/2022\/05\/OrZoom.jpg?resize=200%2C200&amp;ssl=1 200w, https:\/\/i0.wp.com\/nadegelelievre.com\/wp-content\/uploads\/2022\/05\/OrZoom.jpg?resize=480%2C480&amp;ssl=1 480w, https:\/\/i0.wp.com\/nadegelelievre.com\/wp-content\/uploads\/2022\/05\/OrZoom.jpg?resize=220%2C220&amp;ssl=1 220w, https:\/\/i0.wp.com\/nadegelelievre.com\/wp-content\/uploads\/2022\/05\/OrZoom.jpg?resize=50%2C50&amp;ssl=1 50w\" sizes=\"auto, (max-width: 600px) 100vw, 600px\" \/><\/p>\n<\/div>\n<\/div>\n<\/div>\n<\/div>\n<\/div>\n<\/div>\n<p>&nbsp;<\/p>\n","protected":false},"excerpt":{"rendered":"<p>\u00c9dition limit\u00e9e d&rsquo;une aquarelle originale sur papier.<\/p>\n","protected":false},"featured_media":15639,"template":"","meta":{"_coblocks_attr":"","_coblocks_dimensions":"","_coblocks_responsive_height":"","_coblocks_accordion_ie_support":"","_crdt_document":"","jetpack_publicize_message":"","jetpack_publicize_feature_enabled":true,"jetpack_social_post_already_shared":true,"jetpack_social_options":{"image_generator_settings":{"template":"highway","default_image_id":0,"font":"","enabled":false},"version":2},"_wpas_customize_per_network":false},"product_brand":[],"product_cat":[673330692,673330660],"product_tag":[],"class_list":{"0":"post-15633","1":"product","2":"type-product","3":"status-publish","4":"has-post-thumbnail","6":"product_cat-50x70cm","7":"product_cat-editions-dart","8":"product_shipping_class-colis","10":"first","11":"instock","12":"shipping-taxable","13":"purchasable","14":"product-type-simple"},"yoast_head":"<!-- This site is optimized with the Yoast SEO plugin v27.4 - https:\/\/yoast.com\/product\/yoast-seo-wordpress\/ -->\n<title>Or (50x70cm) &#8902; Nadege Lelievre<\/title>\n<meta name=\"robots\" content=\"index, follow, max-snippet:-1, max-image-preview:large, max-video-preview:-1\" \/>\n<link rel=\"canonical\" href=\"https:\/\/nadegelelievre.com\/?product=esperance-60x80cm-2\" \/>\n<meta property=\"og:locale\" content=\"fr_FR\" \/>\n<meta property=\"og:type\" content=\"article\" \/>\n<meta property=\"og:title\" content=\"Or (50x70cm) &#8902; Nadege Lelievre\" \/>\n<meta property=\"og:description\" content=\"\u00c9dition limit\u00e9e d&#039;une aquarelle originale sur papier.\" \/>\n<meta property=\"og:url\" content=\"https:\/\/nadegelelievre.com\/?product=esperance-60x80cm-2\" \/>\n<meta property=\"og:site_name\" content=\"Nadege Lelievre\" \/>\n<meta property=\"article:modified_time\" content=\"2024-12-31T16:31:23+00:00\" \/>\n<meta property=\"og:image\" content=\"https:\/\/nadegelelievre.com\/wp-content\/uploads\/2022\/05\/Or.jpg\" \/>\n\t<meta property=\"og:image:width\" content=\"800\" \/>\n\t<meta property=\"og:image:height\" content=\"800\" \/>\n\t<meta property=\"og:image:type\" content=\"image\/jpeg\" \/>\n<meta name=\"twitter:card\" content=\"summary_large_image\" \/>\n<meta name=\"twitter:label1\" content=\"Dur\u00e9e de lecture estim\u00e9e\" \/>\n\t<meta name=\"twitter:data1\" content=\"2 minutes\" \/>\n<script type=\"application\/ld+json\" class=\"yoast-schema-graph\">{\"@context\":\"https:\\\/\\\/schema.org\",\"@graph\":[{\"@type\":\"WebPage\",\"@id\":\"https:\\\/\\\/nadegelelievre.com\\\/?product=esperance-60x80cm-2\",\"url\":\"https:\\\/\\\/nadegelelievre.com\\\/?product=esperance-60x80cm-2\",\"name\":\"Or (50x70cm) &#8902; Nadege Lelievre\",\"isPartOf\":{\"@id\":\"https:\\\/\\\/nadegelelievre.com\\\/#website\"},\"primaryImageOfPage\":{\"@id\":\"https:\\\/\\\/nadegelelievre.com\\\/?product=esperance-60x80cm-2#primaryimage\"},\"image\":{\"@id\":\"https:\\\/\\\/nadegelelievre.com\\\/?product=esperance-60x80cm-2#primaryimage\"},\"thumbnailUrl\":\"https:\\\/\\\/i0.wp.com\\\/nadegelelievre.com\\\/wp-content\\\/uploads\\\/2022\\\/05\\\/Or.jpg?fit=800%2C800&ssl=1\",\"datePublished\":\"2022-05-20T15:21:52+00:00\",\"dateModified\":\"2024-12-31T16:31:23+00:00\",\"breadcrumb\":{\"@id\":\"https:\\\/\\\/nadegelelievre.com\\\/?product=esperance-60x80cm-2#breadcrumb\"},\"inLanguage\":\"fr-FR\",\"potentialAction\":[{\"@type\":\"ReadAction\",\"target\":[\"https:\\\/\\\/nadegelelievre.com\\\/?product=esperance-60x80cm-2\"]}]},{\"@type\":\"ImageObject\",\"inLanguage\":\"fr-FR\",\"@id\":\"https:\\\/\\\/nadegelelievre.com\\\/?product=esperance-60x80cm-2#primaryimage\",\"url\":\"https:\\\/\\\/i0.wp.com\\\/nadegelelievre.com\\\/wp-content\\\/uploads\\\/2022\\\/05\\\/Or.jpg?fit=800%2C800&ssl=1\",\"contentUrl\":\"https:\\\/\\\/i0.wp.com\\\/nadegelelievre.com\\\/wp-content\\\/uploads\\\/2022\\\/05\\\/Or.jpg?fit=800%2C800&ssl=1\",\"width\":800,\"height\":800},{\"@type\":\"BreadcrumbList\",\"@id\":\"https:\\\/\\\/nadegelelievre.com\\\/?product=esperance-60x80cm-2#breadcrumb\",\"itemListElement\":[{\"@type\":\"ListItem\",\"position\":1,\"name\":\"Accueil\",\"item\":\"https:\\\/\\\/nadegelelievre.com\\\/\"},{\"@type\":\"ListItem\",\"position\":2,\"name\":\"Boutique\",\"item\":\"https:\\\/\\\/nadegelelievre.com\\\/?page_id=1386\"},{\"@type\":\"ListItem\",\"position\":3,\"name\":\"Or (50x70cm)\"}]},{\"@type\":\"WebSite\",\"@id\":\"https:\\\/\\\/nadegelelievre.com\\\/#website\",\"url\":\"https:\\\/\\\/nadegelelievre.com\\\/\",\"name\":\"\u2605 Under my skin \u2605 Nadege Lelievre\",\"description\":\"Art Graphisme Illustration\",\"publisher\":{\"@id\":\"https:\\\/\\\/nadegelelievre.com\\\/#organization\"},\"potentialAction\":[{\"@type\":\"SearchAction\",\"target\":{\"@type\":\"EntryPoint\",\"urlTemplate\":\"https:\\\/\\\/nadegelelievre.com\\\/?s={search_term_string}\"},\"query-input\":{\"@type\":\"PropertyValueSpecification\",\"valueRequired\":true,\"valueName\":\"search_term_string\"}}],\"inLanguage\":\"fr-FR\"},{\"@type\":\"Organization\",\"@id\":\"https:\\\/\\\/nadegelelievre.com\\\/#organization\",\"name\":\"Under my skin\",\"url\":\"https:\\\/\\\/nadegelelievre.com\\\/\",\"logo\":{\"@type\":\"ImageObject\",\"inLanguage\":\"fr-FR\",\"@id\":\"https:\\\/\\\/nadegelelievre.com\\\/#\\\/schema\\\/logo\\\/image\\\/\",\"url\":\"https:\\\/\\\/i0.wp.com\\\/undermyskin.fr\\\/wp-content\\\/uploads\\\/2021\\\/08\\\/LOGOundermyskin.png?fit=364%2C218&ssl=1\",\"contentUrl\":\"https:\\\/\\\/i0.wp.com\\\/undermyskin.fr\\\/wp-content\\\/uploads\\\/2021\\\/08\\\/LOGOundermyskin.png?fit=364%2C218&ssl=1\",\"width\":364,\"height\":218,\"caption\":\"Under my skin\"},\"image\":{\"@id\":\"https:\\\/\\\/nadegelelievre.com\\\/#\\\/schema\\\/logo\\\/image\\\/\"},\"sameAs\":[\"https:\\\/\\\/www.instagram.com\\\/nadege_lelievre\\\/\"]}]}<\/script>\n<!-- \/ Yoast SEO plugin. -->","yoast_head_json":{"title":"Or (50x70cm) &#8902; Nadege Lelievre","robots":{"index":"index","follow":"follow","max-snippet":"max-snippet:-1","max-image-preview":"max-image-preview:large","max-video-preview":"max-video-preview:-1"},"canonical":"https:\/\/nadegelelievre.com\/?product=esperance-60x80cm-2","og_locale":"fr_FR","og_type":"article","og_title":"Or (50x70cm) &#8902; Nadege Lelievre","og_description":"\u00c9dition limit\u00e9e d'une aquarelle originale sur papier.","og_url":"https:\/\/nadegelelievre.com\/?product=esperance-60x80cm-2","og_site_name":"Nadege Lelievre","article_modified_time":"2024-12-31T16:31:23+00:00","og_image":[{"width":800,"height":800,"url":"https:\/\/nadegelelievre.com\/wp-content\/uploads\/2022\/05\/Or.jpg","type":"image\/jpeg"}],"twitter_card":"summary_large_image","twitter_misc":{"Dur\u00e9e de lecture estim\u00e9e":"2 minutes"},"schema":{"@context":"https:\/\/schema.org","@graph":[{"@type":"WebPage","@id":"https:\/\/nadegelelievre.com\/?product=esperance-60x80cm-2","url":"https:\/\/nadegelelievre.com\/?product=esperance-60x80cm-2","name":"Or (50x70cm) &#8902; Nadege Lelievre","isPartOf":{"@id":"https:\/\/nadegelelievre.com\/#website"},"primaryImageOfPage":{"@id":"https:\/\/nadegelelievre.com\/?product=esperance-60x80cm-2#primaryimage"},"image":{"@id":"https:\/\/nadegelelievre.com\/?product=esperance-60x80cm-2#primaryimage"},"thumbnailUrl":"https:\/\/i0.wp.com\/nadegelelievre.com\/wp-content\/uploads\/2022\/05\/Or.jpg?fit=800%2C800&ssl=1","datePublished":"2022-05-20T15:21:52+00:00","dateModified":"2024-12-31T16:31:23+00:00","breadcrumb":{"@id":"https:\/\/nadegelelievre.com\/?product=esperance-60x80cm-2#breadcrumb"},"inLanguage":"fr-FR","potentialAction":[{"@type":"ReadAction","target":["https:\/\/nadegelelievre.com\/?product=esperance-60x80cm-2"]}]},{"@type":"ImageObject","inLanguage":"fr-FR","@id":"https:\/\/nadegelelievre.com\/?product=esperance-60x80cm-2#primaryimage","url":"https:\/\/i0.wp.com\/nadegelelievre.com\/wp-content\/uploads\/2022\/05\/Or.jpg?fit=800%2C800&ssl=1","contentUrl":"https:\/\/i0.wp.com\/nadegelelievre.com\/wp-content\/uploads\/2022\/05\/Or.jpg?fit=800%2C800&ssl=1","width":800,"height":800},{"@type":"BreadcrumbList","@id":"https:\/\/nadegelelievre.com\/?product=esperance-60x80cm-2#breadcrumb","itemListElement":[{"@type":"ListItem","position":1,"name":"Accueil","item":"https:\/\/nadegelelievre.com\/"},{"@type":"ListItem","position":2,"name":"Boutique","item":"https:\/\/nadegelelievre.com\/?page_id=1386"},{"@type":"ListItem","position":3,"name":"Or (50x70cm)"}]},{"@type":"WebSite","@id":"https:\/\/nadegelelievre.com\/#website","url":"https:\/\/nadegelelievre.com\/","name":"\u2605 Under my skin \u2605 Nadege Lelievre","description":"Art Graphisme Illustration","publisher":{"@id":"https:\/\/nadegelelievre.com\/#organization"},"potentialAction":[{"@type":"SearchAction","target":{"@type":"EntryPoint","urlTemplate":"https:\/\/nadegelelievre.com\/?s={search_term_string}"},"query-input":{"@type":"PropertyValueSpecification","valueRequired":true,"valueName":"search_term_string"}}],"inLanguage":"fr-FR"},{"@type":"Organization","@id":"https:\/\/nadegelelievre.com\/#organization","name":"Under my skin","url":"https:\/\/nadegelelievre.com\/","logo":{"@type":"ImageObject","inLanguage":"fr-FR","@id":"https:\/\/nadegelelievre.com\/#\/schema\/logo\/image\/","url":"https:\/\/i0.wp.com\/undermyskin.fr\/wp-content\/uploads\/2021\/08\/LOGOundermyskin.png?fit=364%2C218&ssl=1","contentUrl":"https:\/\/i0.wp.com\/undermyskin.fr\/wp-content\/uploads\/2021\/08\/LOGOundermyskin.png?fit=364%2C218&ssl=1","width":364,"height":218,"caption":"Under my skin"},"image":{"@id":"https:\/\/nadegelelievre.com\/#\/schema\/logo\/image\/"},"sameAs":["https:\/\/www.instagram.com\/nadege_lelievre\/"]}]}},"jetpack_publicize_connections":[],"jetpack_likes_enabled":false,"jetpack_sharing_enabled":true,"amp_enabled":true,"_links":{"self":[{"href":"https:\/\/nadegelelievre.com\/index.php?rest_route=\/wp\/v2\/product\/15633","targetHints":{"allow":["GET"]}}],"collection":[{"href":"https:\/\/nadegelelievre.com\/index.php?rest_route=\/wp\/v2\/product"}],"about":[{"href":"https:\/\/nadegelelievre.com\/index.php?rest_route=\/wp\/v2\/types\/product"}],"wp:featuredmedia":[{"embeddable":true,"href":"https:\/\/nadegelelievre.com\/index.php?rest_route=\/wp\/v2\/media\/15639"}],"wp:attachment":[{"href":"https:\/\/nadegelelievre.com\/index.php?rest_route=%2Fwp%2Fv2%2Fmedia&parent=15633"}],"wp:term":[{"taxonomy":"product_brand","embeddable":true,"href":"https:\/\/nadegelelievre.com\/index.php?rest_route=%2Fwp%2Fv2%2Fproduct_brand&post=15633"},{"taxonomy":"product_cat","embeddable":true,"href":"https:\/\/nadegelelievre.com\/index.php?rest_route=%2Fwp%2Fv2%2Fproduct_cat&post=15633"},{"taxonomy":"product_tag","embeddable":true,"href":"https:\/\/nadegelelievre.com\/index.php?rest_route=%2Fwp%2Fv2%2Fproduct_tag&post=15633"}],"curies":[{"name":"wp","href":"https:\/\/api.w.org\/{rel}","templated":true}]}}