{"id":15769,"date":"2022-07-18T17:58:16","date_gmt":"2022-07-18T15:58:16","guid":{"rendered":"https:\/\/nadegelelievre.com\/?post_type=product&#038;p=15769"},"modified":"2025-10-23T15:19:15","modified_gmt":"2025-10-23T13:19:15","slug":"swallows-dancing-n2-20x20cm","status":"publish","type":"product","link":"https:\/\/nadegelelievre.com\/?product=swallows-dancing-n2-20x20cm","title":{"rendered":"Swallows dancing n\u00b02 (20x20cm)"},"content":{"rendered":"<p><strong>Papier :<\/strong> aquarelle originale sur papier ARCHES 300 g<\/p>\n<p><strong>Technique :<\/strong>\u00a0 Plume, encre de Chine et aquarelle sur papier<\/p>\n<p><strong>Format :<\/strong>\u00a0 20x20cm<\/p>\n<p><strong>Signature\u00a0:<\/strong> oeuvre sign\u00e9e par la main de l&rsquo;artiste<\/p>\n<p><strong>Oeuvre certifi\u00e9e\u00a0:<\/strong> oeuvre livr\u00e9e avec son certificat d&rsquo;authenticit\u00e9<\/p>\n<p><strong>Encadrement :<\/strong> oeuvre livr\u00e9e sans cadre<\/p>\n<p><em style=\"font-size: 1em;\">LIVRAISON<\/em><\/p>\n<div id=\"shopify-section-product-template\" class=\"shopify-section\">\n<div id=\"ProductSection-product-template\" class=\"product-template__container page-width\" data-section-id=\"product-template\" data-section-type=\"product\" data-enable-history-state=\"true\">\n<div class=\"grid product-single\">\n<div class=\"grid__item medium-up--one-third\">\n<div class=\"product-single__meta\">\n<div class=\"product-single__description rte\">\n<p><strong>Livraison soign\u00e9e :<\/strong> oeuvre emball\u00e9e avec soin et conditionn\u00e9e dans une enveloppe cartonn\u00e9e<\/p>\n<p><strong>Exp\u00e9dition : <\/strong>lettre recommand\u00e9e avec accus\u00e9 de r\u00e9ception, d\u00e9lais avant r\u00e9ception de trois jours ouvr\u00e9s en moyenne<\/p>\n<p><img data-recalc-dims=\"1\" loading=\"lazy\" decoding=\"async\" data-attachment-id=\"15772\" data-permalink=\"https:\/\/nadegelelievre.com\/?attachment_id=15772\" data-orig-file=\"https:\/\/i0.wp.com\/nadegelelievre.com\/wp-content\/uploads\/2022\/07\/SwallowsDancingN2zoom2.jpg?fit=600%2C450&amp;ssl=1\" data-orig-size=\"600,450\" data-comments-opened=\"0\" data-image-meta=\"{&quot;aperture&quot;:&quot;0&quot;,&quot;credit&quot;:&quot;&quot;,&quot;camera&quot;:&quot;&quot;,&quot;caption&quot;:&quot;&quot;,&quot;created_timestamp&quot;:&quot;0&quot;,&quot;copyright&quot;:&quot;&quot;,&quot;focal_length&quot;:&quot;0&quot;,&quot;iso&quot;:&quot;0&quot;,&quot;shutter_speed&quot;:&quot;0&quot;,&quot;title&quot;:&quot;&quot;,&quot;orientation&quot;:&quot;0&quot;}\" data-image-title=\"SwallowsDancingN2zoom2\" data-image-description=\"\" data-image-caption=\"\" data-large-file=\"https:\/\/i0.wp.com\/nadegelelievre.com\/wp-content\/uploads\/2022\/07\/SwallowsDancingN2zoom2.jpg?fit=600%2C450&amp;ssl=1\" class=\"alignleft size-full wp-image-15772\" src=\"https:\/\/i0.wp.com\/nadegelelievre.com\/wp-content\/uploads\/2022\/07\/SwallowsDancingN2zoom2.jpg?resize=600%2C450&#038;ssl=1\" alt=\"\" width=\"600\" height=\"450\" srcset=\"https:\/\/i0.wp.com\/nadegelelievre.com\/wp-content\/uploads\/2022\/07\/SwallowsDancingN2zoom2.jpg?w=600&amp;ssl=1 600w, https:\/\/i0.wp.com\/nadegelelievre.com\/wp-content\/uploads\/2022\/07\/SwallowsDancingN2zoom2.jpg?resize=300%2C225&amp;ssl=1 300w, https:\/\/i0.wp.com\/nadegelelievre.com\/wp-content\/uploads\/2022\/07\/SwallowsDancingN2zoom2.jpg?resize=150%2C113&amp;ssl=1 150w, https:\/\/i0.wp.com\/nadegelelievre.com\/wp-content\/uploads\/2022\/07\/SwallowsDancingN2zoom2.jpg?resize=400%2C300&amp;ssl=1 400w, https:\/\/i0.wp.com\/nadegelelievre.com\/wp-content\/uploads\/2022\/07\/SwallowsDancingN2zoom2.jpg?resize=200%2C150&amp;ssl=1 200w\" sizes=\"auto, (max-width: 600px) 100vw, 600px\" \/><\/p>\n<\/div>\n<\/div>\n<\/div>\n<\/div>\n<\/div>\n<\/div>\n<p>&nbsp;<\/p>\n","protected":false},"excerpt":{"rendered":"<p>Aquarelle originale sur papier Arches<\/p>\n","protected":false},"featured_media":15770,"template":"","meta":{"_coblocks_attr":"","_coblocks_dimensions":"","_coblocks_responsive_height":"","_coblocks_accordion_ie_support":"","_crdt_document":"","jetpack_publicize_message":"","jetpack_publicize_feature_enabled":true,"jetpack_social_post_already_shared":true,"jetpack_social_options":{"image_generator_settings":{"template":"highway","default_image_id":0,"font":"","enabled":false},"version":2},"_wpas_customize_per_network":false},"product_brand":[],"product_cat":[673330714,673330486],"product_tag":[],"class_list":{"0":"post-15769","1":"product","2":"type-product","3":"status-publish","4":"has-post-thumbnail","6":"product_cat-petits-formats","7":"product_cat-illustrations-originales","8":"product_shipping_class-lettre-r","10":"first","11":"outofstock","12":"sold-individually","13":"shipping-taxable","14":"purchasable","15":"product-type-simple"},"yoast_head":"<!-- This site is optimized with the Yoast SEO plugin v27.4 - https:\/\/yoast.com\/product\/yoast-seo-wordpress\/ -->\n<title>Swallows dancing n\u00b02 (20x20cm) &#8902; Nadege Lelievre<\/title>\n<meta name=\"robots\" content=\"index, follow, max-snippet:-1, max-image-preview:large, max-video-preview:-1\" \/>\n<link rel=\"canonical\" href=\"https:\/\/nadegelelievre.com\/?product=swallows-dancing-n2-20x20cm\" \/>\n<meta property=\"og:locale\" content=\"fr_FR\" \/>\n<meta property=\"og:type\" content=\"article\" \/>\n<meta property=\"og:title\" content=\"Swallows dancing n\u00b02 (20x20cm) &#8902; Nadege Lelievre\" \/>\n<meta property=\"og:description\" content=\"Aquarelle originale sur papier Arches\" \/>\n<meta property=\"og:url\" content=\"https:\/\/nadegelelievre.com\/?product=swallows-dancing-n2-20x20cm\" \/>\n<meta property=\"og:site_name\" content=\"Nadege Lelievre\" \/>\n<meta property=\"article:modified_time\" content=\"2025-10-23T13:19:15+00:00\" \/>\n<meta property=\"og:image\" content=\"https:\/\/nadegelelievre.com\/wp-content\/uploads\/2022\/07\/SwallowsDancingN2.jpg\" \/>\n\t<meta property=\"og:image:width\" content=\"800\" \/>\n\t<meta property=\"og:image:height\" content=\"800\" \/>\n\t<meta property=\"og:image:type\" content=\"image\/jpeg\" \/>\n<meta name=\"twitter:card\" content=\"summary_large_image\" \/>\n<meta name=\"twitter:label1\" content=\"Dur\u00e9e de lecture estim\u00e9e\" \/>\n\t<meta name=\"twitter:data1\" content=\"1 minute\" \/>\n<script type=\"application\/ld+json\" class=\"yoast-schema-graph\">{\"@context\":\"https:\\\/\\\/schema.org\",\"@graph\":[{\"@type\":\"WebPage\",\"@id\":\"https:\\\/\\\/nadegelelievre.com\\\/?product=swallows-dancing-n2-20x20cm\",\"url\":\"https:\\\/\\\/nadegelelievre.com\\\/?product=swallows-dancing-n2-20x20cm\",\"name\":\"Swallows dancing n\u00b02 (20x20cm) &#8902; Nadege Lelievre\",\"isPartOf\":{\"@id\":\"https:\\\/\\\/nadegelelievre.com\\\/#website\"},\"primaryImageOfPage\":{\"@id\":\"https:\\\/\\\/nadegelelievre.com\\\/?product=swallows-dancing-n2-20x20cm#primaryimage\"},\"image\":{\"@id\":\"https:\\\/\\\/nadegelelievre.com\\\/?product=swallows-dancing-n2-20x20cm#primaryimage\"},\"thumbnailUrl\":\"https:\\\/\\\/i0.wp.com\\\/nadegelelievre.com\\\/wp-content\\\/uploads\\\/2022\\\/07\\\/SwallowsDancingN2.jpg?fit=800%2C800&ssl=1\",\"datePublished\":\"2022-07-18T15:58:16+00:00\",\"dateModified\":\"2025-10-23T13:19:15+00:00\",\"breadcrumb\":{\"@id\":\"https:\\\/\\\/nadegelelievre.com\\\/?product=swallows-dancing-n2-20x20cm#breadcrumb\"},\"inLanguage\":\"fr-FR\",\"potentialAction\":[{\"@type\":\"ReadAction\",\"target\":[\"https:\\\/\\\/nadegelelievre.com\\\/?product=swallows-dancing-n2-20x20cm\"]}]},{\"@type\":\"ImageObject\",\"inLanguage\":\"fr-FR\",\"@id\":\"https:\\\/\\\/nadegelelievre.com\\\/?product=swallows-dancing-n2-20x20cm#primaryimage\",\"url\":\"https:\\\/\\\/i0.wp.com\\\/nadegelelievre.com\\\/wp-content\\\/uploads\\\/2022\\\/07\\\/SwallowsDancingN2.jpg?fit=800%2C800&ssl=1\",\"contentUrl\":\"https:\\\/\\\/i0.wp.com\\\/nadegelelievre.com\\\/wp-content\\\/uploads\\\/2022\\\/07\\\/SwallowsDancingN2.jpg?fit=800%2C800&ssl=1\",\"width\":800,\"height\":800},{\"@type\":\"BreadcrumbList\",\"@id\":\"https:\\\/\\\/nadegelelievre.com\\\/?product=swallows-dancing-n2-20x20cm#breadcrumb\",\"itemListElement\":[{\"@type\":\"ListItem\",\"position\":1,\"name\":\"Accueil\",\"item\":\"https:\\\/\\\/nadegelelievre.com\\\/\"},{\"@type\":\"ListItem\",\"position\":2,\"name\":\"Boutique\",\"item\":\"https:\\\/\\\/nadegelelievre.com\\\/?page_id=1386\"},{\"@type\":\"ListItem\",\"position\":3,\"name\":\"Swallows dancing n\u00b02 (20x20cm)\"}]},{\"@type\":\"WebSite\",\"@id\":\"https:\\\/\\\/nadegelelievre.com\\\/#website\",\"url\":\"https:\\\/\\\/nadegelelievre.com\\\/\",\"name\":\"\u2605 Under my skin \u2605 Nadege Lelievre\",\"description\":\"Art Graphisme Illustration\",\"publisher\":{\"@id\":\"https:\\\/\\\/nadegelelievre.com\\\/#organization\"},\"potentialAction\":[{\"@type\":\"SearchAction\",\"target\":{\"@type\":\"EntryPoint\",\"urlTemplate\":\"https:\\\/\\\/nadegelelievre.com\\\/?s={search_term_string}\"},\"query-input\":{\"@type\":\"PropertyValueSpecification\",\"valueRequired\":true,\"valueName\":\"search_term_string\"}}],\"inLanguage\":\"fr-FR\"},{\"@type\":\"Organization\",\"@id\":\"https:\\\/\\\/nadegelelievre.com\\\/#organization\",\"name\":\"Under my skin\",\"url\":\"https:\\\/\\\/nadegelelievre.com\\\/\",\"logo\":{\"@type\":\"ImageObject\",\"inLanguage\":\"fr-FR\",\"@id\":\"https:\\\/\\\/nadegelelievre.com\\\/#\\\/schema\\\/logo\\\/image\\\/\",\"url\":\"https:\\\/\\\/i0.wp.com\\\/undermyskin.fr\\\/wp-content\\\/uploads\\\/2021\\\/08\\\/LOGOundermyskin.png?fit=364%2C218&ssl=1\",\"contentUrl\":\"https:\\\/\\\/i0.wp.com\\\/undermyskin.fr\\\/wp-content\\\/uploads\\\/2021\\\/08\\\/LOGOundermyskin.png?fit=364%2C218&ssl=1\",\"width\":364,\"height\":218,\"caption\":\"Under my skin\"},\"image\":{\"@id\":\"https:\\\/\\\/nadegelelievre.com\\\/#\\\/schema\\\/logo\\\/image\\\/\"},\"sameAs\":[\"https:\\\/\\\/www.instagram.com\\\/nadege_lelievre\\\/\"]}]}<\/script>\n<!-- \/ Yoast SEO plugin. -->","yoast_head_json":{"title":"Swallows dancing n\u00b02 (20x20cm) &#8902; Nadege Lelievre","robots":{"index":"index","follow":"follow","max-snippet":"max-snippet:-1","max-image-preview":"max-image-preview:large","max-video-preview":"max-video-preview:-1"},"canonical":"https:\/\/nadegelelievre.com\/?product=swallows-dancing-n2-20x20cm","og_locale":"fr_FR","og_type":"article","og_title":"Swallows dancing n\u00b02 (20x20cm) &#8902; Nadege Lelievre","og_description":"Aquarelle originale sur papier Arches","og_url":"https:\/\/nadegelelievre.com\/?product=swallows-dancing-n2-20x20cm","og_site_name":"Nadege Lelievre","article_modified_time":"2025-10-23T13:19:15+00:00","og_image":[{"width":800,"height":800,"url":"https:\/\/nadegelelievre.com\/wp-content\/uploads\/2022\/07\/SwallowsDancingN2.jpg","type":"image\/jpeg"}],"twitter_card":"summary_large_image","twitter_misc":{"Dur\u00e9e de lecture estim\u00e9e":"1 minute"},"schema":{"@context":"https:\/\/schema.org","@graph":[{"@type":"WebPage","@id":"https:\/\/nadegelelievre.com\/?product=swallows-dancing-n2-20x20cm","url":"https:\/\/nadegelelievre.com\/?product=swallows-dancing-n2-20x20cm","name":"Swallows dancing n\u00b02 (20x20cm) &#8902; Nadege Lelievre","isPartOf":{"@id":"https:\/\/nadegelelievre.com\/#website"},"primaryImageOfPage":{"@id":"https:\/\/nadegelelievre.com\/?product=swallows-dancing-n2-20x20cm#primaryimage"},"image":{"@id":"https:\/\/nadegelelievre.com\/?product=swallows-dancing-n2-20x20cm#primaryimage"},"thumbnailUrl":"https:\/\/i0.wp.com\/nadegelelievre.com\/wp-content\/uploads\/2022\/07\/SwallowsDancingN2.jpg?fit=800%2C800&ssl=1","datePublished":"2022-07-18T15:58:16+00:00","dateModified":"2025-10-23T13:19:15+00:00","breadcrumb":{"@id":"https:\/\/nadegelelievre.com\/?product=swallows-dancing-n2-20x20cm#breadcrumb"},"inLanguage":"fr-FR","potentialAction":[{"@type":"ReadAction","target":["https:\/\/nadegelelievre.com\/?product=swallows-dancing-n2-20x20cm"]}]},{"@type":"ImageObject","inLanguage":"fr-FR","@id":"https:\/\/nadegelelievre.com\/?product=swallows-dancing-n2-20x20cm#primaryimage","url":"https:\/\/i0.wp.com\/nadegelelievre.com\/wp-content\/uploads\/2022\/07\/SwallowsDancingN2.jpg?fit=800%2C800&ssl=1","contentUrl":"https:\/\/i0.wp.com\/nadegelelievre.com\/wp-content\/uploads\/2022\/07\/SwallowsDancingN2.jpg?fit=800%2C800&ssl=1","width":800,"height":800},{"@type":"BreadcrumbList","@id":"https:\/\/nadegelelievre.com\/?product=swallows-dancing-n2-20x20cm#breadcrumb","itemListElement":[{"@type":"ListItem","position":1,"name":"Accueil","item":"https:\/\/nadegelelievre.com\/"},{"@type":"ListItem","position":2,"name":"Boutique","item":"https:\/\/nadegelelievre.com\/?page_id=1386"},{"@type":"ListItem","position":3,"name":"Swallows dancing n\u00b02 (20x20cm)"}]},{"@type":"WebSite","@id":"https:\/\/nadegelelievre.com\/#website","url":"https:\/\/nadegelelievre.com\/","name":"\u2605 Under my skin \u2605 Nadege Lelievre","description":"Art Graphisme Illustration","publisher":{"@id":"https:\/\/nadegelelievre.com\/#organization"},"potentialAction":[{"@type":"SearchAction","target":{"@type":"EntryPoint","urlTemplate":"https:\/\/nadegelelievre.com\/?s={search_term_string}"},"query-input":{"@type":"PropertyValueSpecification","valueRequired":true,"valueName":"search_term_string"}}],"inLanguage":"fr-FR"},{"@type":"Organization","@id":"https:\/\/nadegelelievre.com\/#organization","name":"Under my skin","url":"https:\/\/nadegelelievre.com\/","logo":{"@type":"ImageObject","inLanguage":"fr-FR","@id":"https:\/\/nadegelelievre.com\/#\/schema\/logo\/image\/","url":"https:\/\/i0.wp.com\/undermyskin.fr\/wp-content\/uploads\/2021\/08\/LOGOundermyskin.png?fit=364%2C218&ssl=1","contentUrl":"https:\/\/i0.wp.com\/undermyskin.fr\/wp-content\/uploads\/2021\/08\/LOGOundermyskin.png?fit=364%2C218&ssl=1","width":364,"height":218,"caption":"Under my skin"},"image":{"@id":"https:\/\/nadegelelievre.com\/#\/schema\/logo\/image\/"},"sameAs":["https:\/\/www.instagram.com\/nadege_lelievre\/"]}]}},"jetpack_publicize_connections":[],"jetpack_likes_enabled":false,"jetpack_sharing_enabled":true,"amp_enabled":true,"_links":{"self":[{"href":"https:\/\/nadegelelievre.com\/index.php?rest_route=\/wp\/v2\/product\/15769","targetHints":{"allow":["GET"]}}],"collection":[{"href":"https:\/\/nadegelelievre.com\/index.php?rest_route=\/wp\/v2\/product"}],"about":[{"href":"https:\/\/nadegelelievre.com\/index.php?rest_route=\/wp\/v2\/types\/product"}],"wp:featuredmedia":[{"embeddable":true,"href":"https:\/\/nadegelelievre.com\/index.php?rest_route=\/wp\/v2\/media\/15770"}],"wp:attachment":[{"href":"https:\/\/nadegelelievre.com\/index.php?rest_route=%2Fwp%2Fv2%2Fmedia&parent=15769"}],"wp:term":[{"taxonomy":"product_brand","embeddable":true,"href":"https:\/\/nadegelelievre.com\/index.php?rest_route=%2Fwp%2Fv2%2Fproduct_brand&post=15769"},{"taxonomy":"product_cat","embeddable":true,"href":"https:\/\/nadegelelievre.com\/index.php?rest_route=%2Fwp%2Fv2%2Fproduct_cat&post=15769"},{"taxonomy":"product_tag","embeddable":true,"href":"https:\/\/nadegelelievre.com\/index.php?rest_route=%2Fwp%2Fv2%2Fproduct_tag&post=15769"}],"curies":[{"name":"wp","href":"https:\/\/api.w.org\/{rel}","templated":true}]}}