{"id":16408,"date":"2023-08-18T18:06:41","date_gmt":"2023-08-18T16:06:41","guid":{"rendered":"https:\/\/nadegelelievre.com\/?post_type=product&#038;p=16408"},"modified":"2025-10-23T14:56:49","modified_gmt":"2025-10-23T12:56:49","slug":"swallows-dancing-20x20cm-3-3-2-2","status":"publish","type":"product","link":"https:\/\/nadegelelievre.com\/?product=swallows-dancing-20x20cm-3-3-2-2","title":{"rendered":"Dahlia s\u00e9rie n\u00b03 (18x26cm)"},"content":{"rendered":"<p><strong>Papier :<\/strong> aquarelle originale sur papier ARCHES 300 g<\/p>\n<p><strong>Technique :<\/strong>\u00a0 Plume, encre de Chine et aquarelle sur papier<\/p>\n<p><strong>Format :<\/strong>\u00a0 18x26cm<\/p>\n<p><strong>Signature\u00a0:<\/strong> oeuvre sign\u00e9e par la main de l&rsquo;artiste<\/p>\n<p><strong>Oeuvre certifi\u00e9e\u00a0:<\/strong> oeuvre livr\u00e9e avec son certificat d&rsquo;authenticit\u00e9<\/p>\n<p><strong>Encadrement :<\/strong> oeuvre livr\u00e9e sans cadre<\/p>\n<p><em style=\"font-size: 1em;\">LIVRAISON<\/em><\/p>\n<div id=\"shopify-section-product-template\" class=\"shopify-section\">\n<div id=\"ProductSection-product-template\" class=\"product-template__container page-width\" data-section-id=\"product-template\" data-section-type=\"product\" data-enable-history-state=\"true\">\n<div class=\"grid product-single\">\n<div class=\"grid__item medium-up--one-third\">\n<div class=\"product-single__meta\">\n<div class=\"product-single__description rte\">\n<p><strong>Livraison soign\u00e9e :<\/strong> oeuvre emball\u00e9e avec soin et conditionn\u00e9e dans une enveloppe cartonn\u00e9e<\/p>\n<p><strong>Exp\u00e9dition : <\/strong>lettre recommand\u00e9e avec accus\u00e9 de r\u00e9ception, d\u00e9lais avant r\u00e9ception de trois jours ouvr\u00e9s en moyenne<\/p>\n<\/div>\n<\/div>\n<\/div>\n<\/div>\n<\/div>\n<\/div>\n<p>&nbsp;<\/p>\n","protected":false},"excerpt":{"rendered":"<p>Aquarelle originale sur papier Arches<\/p>\n","protected":false},"featured_media":16409,"template":"","meta":{"_coblocks_attr":"","_coblocks_dimensions":"","_coblocks_responsive_height":"","_coblocks_accordion_ie_support":"","_crdt_document":"","jetpack_post_was_ever_published":false,"jetpack_publicize_message":"","jetpack_publicize_feature_enabled":true,"jetpack_social_post_already_shared":true,"jetpack_social_options":{"image_generator_settings":{"template":"highway","default_image_id":0,"font":"","enabled":false},"version":2},"_wpas_customize_per_network":false},"product_brand":[],"product_cat":[673330714,673330486],"product_tag":[],"class_list":{"0":"post-16408","1":"product","2":"type-product","3":"status-publish","4":"has-post-thumbnail","6":"product_cat-petits-formats","7":"product_cat-illustrations-originales","8":"product_shipping_class-lettre-r","10":"first","11":"instock","12":"sold-individually","13":"shipping-taxable","14":"purchasable","15":"product-type-simple"},"yoast_head":"<!-- This site is optimized with the Yoast SEO plugin v27.0 - https:\/\/yoast.com\/product\/yoast-seo-wordpress\/ -->\n<title>Dahlia s\u00e9rie n\u00b03 (18x26cm) &#8902; Nadege Lelievre<\/title>\n<meta name=\"robots\" content=\"index, follow, max-snippet:-1, max-image-preview:large, max-video-preview:-1\" \/>\n<link rel=\"canonical\" href=\"https:\/\/nadegelelievre.com\/?product=swallows-dancing-20x20cm-3-3-2-2\" \/>\n<meta property=\"og:locale\" content=\"fr_FR\" \/>\n<meta property=\"og:type\" content=\"article\" \/>\n<meta property=\"og:title\" content=\"Dahlia s\u00e9rie n\u00b03 (18x26cm) &#8902; Nadege Lelievre\" \/>\n<meta property=\"og:description\" content=\"Aquarelle originale sur papier Arches\" \/>\n<meta property=\"og:url\" content=\"https:\/\/nadegelelievre.com\/?product=swallows-dancing-20x20cm-3-3-2-2\" \/>\n<meta property=\"og:site_name\" content=\"Nadege Lelievre\" \/>\n<meta property=\"article:modified_time\" content=\"2025-10-23T12:56:49+00:00\" \/>\n<meta property=\"og:image\" content=\"https:\/\/nadegelelievre.com\/wp-content\/uploads\/2023\/08\/img_4096.jpeg\" \/>\n\t<meta property=\"og:image:width\" content=\"800\" \/>\n\t<meta property=\"og:image:height\" content=\"800\" \/>\n\t<meta property=\"og:image:type\" content=\"image\/jpeg\" \/>\n<meta name=\"twitter:card\" content=\"summary_large_image\" \/>\n<meta name=\"twitter:label1\" content=\"Dur\u00e9e de lecture estim\u00e9e\" \/>\n\t<meta name=\"twitter:data1\" content=\"1 minute\" \/>\n<script type=\"application\/ld+json\" class=\"yoast-schema-graph\">{\"@context\":\"https:\/\/schema.org\",\"@graph\":[{\"@type\":\"WebPage\",\"@id\":\"https:\/\/nadegelelievre.com\/?product=swallows-dancing-20x20cm-3-3-2-2\",\"url\":\"https:\/\/nadegelelievre.com\/?product=swallows-dancing-20x20cm-3-3-2-2\",\"name\":\"Dahlia s\u00e9rie n\u00b03 (18x26cm) &#8902; Nadege Lelievre\",\"isPartOf\":{\"@id\":\"https:\/\/nadegelelievre.com\/#website\"},\"primaryImageOfPage\":{\"@id\":\"https:\/\/nadegelelievre.com\/?product=swallows-dancing-20x20cm-3-3-2-2#primaryimage\"},\"image\":{\"@id\":\"https:\/\/nadegelelievre.com\/?product=swallows-dancing-20x20cm-3-3-2-2#primaryimage\"},\"thumbnailUrl\":\"https:\/\/i0.wp.com\/nadegelelievre.com\/wp-content\/uploads\/2023\/08\/img_4096.jpeg?fit=800%2C800&ssl=1\",\"datePublished\":\"2023-08-18T16:06:41+00:00\",\"dateModified\":\"2025-10-23T12:56:49+00:00\",\"breadcrumb\":{\"@id\":\"https:\/\/nadegelelievre.com\/?product=swallows-dancing-20x20cm-3-3-2-2#breadcrumb\"},\"inLanguage\":\"fr-FR\",\"potentialAction\":[{\"@type\":\"ReadAction\",\"target\":[\"https:\/\/nadegelelievre.com\/?product=swallows-dancing-20x20cm-3-3-2-2\"]}]},{\"@type\":\"ImageObject\",\"inLanguage\":\"fr-FR\",\"@id\":\"https:\/\/nadegelelievre.com\/?product=swallows-dancing-20x20cm-3-3-2-2#primaryimage\",\"url\":\"https:\/\/i0.wp.com\/nadegelelievre.com\/wp-content\/uploads\/2023\/08\/img_4096.jpeg?fit=800%2C800&ssl=1\",\"contentUrl\":\"https:\/\/i0.wp.com\/nadegelelievre.com\/wp-content\/uploads\/2023\/08\/img_4096.jpeg?fit=800%2C800&ssl=1\",\"width\":800,\"height\":800},{\"@type\":\"BreadcrumbList\",\"@id\":\"https:\/\/nadegelelievre.com\/?product=swallows-dancing-20x20cm-3-3-2-2#breadcrumb\",\"itemListElement\":[{\"@type\":\"ListItem\",\"position\":1,\"name\":\"Accueil\",\"item\":\"https:\/\/nadegelelievre.com\/\"},{\"@type\":\"ListItem\",\"position\":2,\"name\":\"Boutique\",\"item\":\"https:\/\/nadegelelievre.com\/?page_id=1386\"},{\"@type\":\"ListItem\",\"position\":3,\"name\":\"Dahlia s\u00e9rie n\u00b03 (18x26cm)\"}]},{\"@type\":\"WebSite\",\"@id\":\"https:\/\/nadegelelievre.com\/#website\",\"url\":\"https:\/\/nadegelelievre.com\/\",\"name\":\"\u2605 Under my skin \u2605 Nadege Lelievre\",\"description\":\"Art Graphisme Illustration\",\"publisher\":{\"@id\":\"https:\/\/nadegelelievre.com\/#organization\"},\"potentialAction\":[{\"@type\":\"SearchAction\",\"target\":{\"@type\":\"EntryPoint\",\"urlTemplate\":\"https:\/\/nadegelelievre.com\/?s={search_term_string}\"},\"query-input\":{\"@type\":\"PropertyValueSpecification\",\"valueRequired\":true,\"valueName\":\"search_term_string\"}}],\"inLanguage\":\"fr-FR\"},{\"@type\":\"Organization\",\"@id\":\"https:\/\/nadegelelievre.com\/#organization\",\"name\":\"Under my skin\",\"url\":\"https:\/\/nadegelelievre.com\/\",\"logo\":{\"@type\":\"ImageObject\",\"inLanguage\":\"fr-FR\",\"@id\":\"https:\/\/nadegelelievre.com\/#\/schema\/logo\/image\/\",\"url\":\"https:\/\/i0.wp.com\/undermyskin.fr\/wp-content\/uploads\/2021\/08\/LOGOundermyskin.png?fit=364%2C218&ssl=1\",\"contentUrl\":\"https:\/\/i0.wp.com\/undermyskin.fr\/wp-content\/uploads\/2021\/08\/LOGOundermyskin.png?fit=364%2C218&ssl=1\",\"width\":364,\"height\":218,\"caption\":\"Under my skin\"},\"image\":{\"@id\":\"https:\/\/nadegelelievre.com\/#\/schema\/logo\/image\/\"},\"sameAs\":[\"https:\/\/www.instagram.com\/nadege_lelievre\/\"]}]}<\/script>\n<!-- \/ Yoast SEO plugin. -->","yoast_head_json":{"title":"Dahlia s\u00e9rie n\u00b03 (18x26cm) &#8902; Nadege Lelievre","robots":{"index":"index","follow":"follow","max-snippet":"max-snippet:-1","max-image-preview":"max-image-preview:large","max-video-preview":"max-video-preview:-1"},"canonical":"https:\/\/nadegelelievre.com\/?product=swallows-dancing-20x20cm-3-3-2-2","og_locale":"fr_FR","og_type":"article","og_title":"Dahlia s\u00e9rie n\u00b03 (18x26cm) &#8902; Nadege Lelievre","og_description":"Aquarelle originale sur papier Arches","og_url":"https:\/\/nadegelelievre.com\/?product=swallows-dancing-20x20cm-3-3-2-2","og_site_name":"Nadege Lelievre","article_modified_time":"2025-10-23T12:56:49+00:00","og_image":[{"width":800,"height":800,"url":"https:\/\/nadegelelievre.com\/wp-content\/uploads\/2023\/08\/img_4096.jpeg","type":"image\/jpeg"}],"twitter_card":"summary_large_image","twitter_misc":{"Dur\u00e9e de lecture estim\u00e9e":"1 minute"},"schema":{"@context":"https:\/\/schema.org","@graph":[{"@type":"WebPage","@id":"https:\/\/nadegelelievre.com\/?product=swallows-dancing-20x20cm-3-3-2-2","url":"https:\/\/nadegelelievre.com\/?product=swallows-dancing-20x20cm-3-3-2-2","name":"Dahlia s\u00e9rie n\u00b03 (18x26cm) &#8902; Nadege Lelievre","isPartOf":{"@id":"https:\/\/nadegelelievre.com\/#website"},"primaryImageOfPage":{"@id":"https:\/\/nadegelelievre.com\/?product=swallows-dancing-20x20cm-3-3-2-2#primaryimage"},"image":{"@id":"https:\/\/nadegelelievre.com\/?product=swallows-dancing-20x20cm-3-3-2-2#primaryimage"},"thumbnailUrl":"https:\/\/i0.wp.com\/nadegelelievre.com\/wp-content\/uploads\/2023\/08\/img_4096.jpeg?fit=800%2C800&ssl=1","datePublished":"2023-08-18T16:06:41+00:00","dateModified":"2025-10-23T12:56:49+00:00","breadcrumb":{"@id":"https:\/\/nadegelelievre.com\/?product=swallows-dancing-20x20cm-3-3-2-2#breadcrumb"},"inLanguage":"fr-FR","potentialAction":[{"@type":"ReadAction","target":["https:\/\/nadegelelievre.com\/?product=swallows-dancing-20x20cm-3-3-2-2"]}]},{"@type":"ImageObject","inLanguage":"fr-FR","@id":"https:\/\/nadegelelievre.com\/?product=swallows-dancing-20x20cm-3-3-2-2#primaryimage","url":"https:\/\/i0.wp.com\/nadegelelievre.com\/wp-content\/uploads\/2023\/08\/img_4096.jpeg?fit=800%2C800&ssl=1","contentUrl":"https:\/\/i0.wp.com\/nadegelelievre.com\/wp-content\/uploads\/2023\/08\/img_4096.jpeg?fit=800%2C800&ssl=1","width":800,"height":800},{"@type":"BreadcrumbList","@id":"https:\/\/nadegelelievre.com\/?product=swallows-dancing-20x20cm-3-3-2-2#breadcrumb","itemListElement":[{"@type":"ListItem","position":1,"name":"Accueil","item":"https:\/\/nadegelelievre.com\/"},{"@type":"ListItem","position":2,"name":"Boutique","item":"https:\/\/nadegelelievre.com\/?page_id=1386"},{"@type":"ListItem","position":3,"name":"Dahlia s\u00e9rie n\u00b03 (18x26cm)"}]},{"@type":"WebSite","@id":"https:\/\/nadegelelievre.com\/#website","url":"https:\/\/nadegelelievre.com\/","name":"\u2605 Under my skin \u2605 Nadege Lelievre","description":"Art Graphisme Illustration","publisher":{"@id":"https:\/\/nadegelelievre.com\/#organization"},"potentialAction":[{"@type":"SearchAction","target":{"@type":"EntryPoint","urlTemplate":"https:\/\/nadegelelievre.com\/?s={search_term_string}"},"query-input":{"@type":"PropertyValueSpecification","valueRequired":true,"valueName":"search_term_string"}}],"inLanguage":"fr-FR"},{"@type":"Organization","@id":"https:\/\/nadegelelievre.com\/#organization","name":"Under my skin","url":"https:\/\/nadegelelievre.com\/","logo":{"@type":"ImageObject","inLanguage":"fr-FR","@id":"https:\/\/nadegelelievre.com\/#\/schema\/logo\/image\/","url":"https:\/\/i0.wp.com\/undermyskin.fr\/wp-content\/uploads\/2021\/08\/LOGOundermyskin.png?fit=364%2C218&ssl=1","contentUrl":"https:\/\/i0.wp.com\/undermyskin.fr\/wp-content\/uploads\/2021\/08\/LOGOundermyskin.png?fit=364%2C218&ssl=1","width":364,"height":218,"caption":"Under my skin"},"image":{"@id":"https:\/\/nadegelelievre.com\/#\/schema\/logo\/image\/"},"sameAs":["https:\/\/www.instagram.com\/nadege_lelievre\/"]}]}},"jetpack_publicize_connections":[],"jetpack_likes_enabled":false,"jetpack_sharing_enabled":true,"amp_enabled":true,"_links":{"self":[{"href":"https:\/\/nadegelelievre.com\/index.php?rest_route=\/wp\/v2\/product\/16408","targetHints":{"allow":["GET"]}}],"collection":[{"href":"https:\/\/nadegelelievre.com\/index.php?rest_route=\/wp\/v2\/product"}],"about":[{"href":"https:\/\/nadegelelievre.com\/index.php?rest_route=\/wp\/v2\/types\/product"}],"wp:featuredmedia":[{"embeddable":true,"href":"https:\/\/nadegelelievre.com\/index.php?rest_route=\/wp\/v2\/media\/16409"}],"wp:attachment":[{"href":"https:\/\/nadegelelievre.com\/index.php?rest_route=%2Fwp%2Fv2%2Fmedia&parent=16408"}],"wp:term":[{"taxonomy":"product_brand","embeddable":true,"href":"https:\/\/nadegelelievre.com\/index.php?rest_route=%2Fwp%2Fv2%2Fproduct_brand&post=16408"},{"taxonomy":"product_cat","embeddable":true,"href":"https:\/\/nadegelelievre.com\/index.php?rest_route=%2Fwp%2Fv2%2Fproduct_cat&post=16408"},{"taxonomy":"product_tag","embeddable":true,"href":"https:\/\/nadegelelievre.com\/index.php?rest_route=%2Fwp%2Fv2%2Fproduct_tag&post=16408"}],"curies":[{"name":"wp","href":"https:\/\/api.w.org\/{rel}","templated":true}]}}