{"id":18555,"date":"2025-07-22T16:34:20","date_gmt":"2025-07-22T14:34:20","guid":{"rendered":"https:\/\/nadegelelievre.com\/?post_type=product&#038;p=18555"},"modified":"2025-10-23T11:52:57","modified_gmt":"2025-10-23T09:52:57","slug":"atelier-forfait-3-seances-duo-adulte-enfant-1h30","status":"publish","type":"product","link":"https:\/\/nadegelelievre.com\/?product=atelier-forfait-3-seances-duo-adulte-enfant-1h30","title":{"rendered":"Atelier \u2022 Forfait 3 s\u00e9ances duo adulte + enfant 1h30"},"content":{"rendered":"<p>Atelier partag\u00e9 entre un adulte et un enfant \u00e0 partir de 6 ans (parent, grand-parent, oncle, tante\u2026).<\/p>\n<p>Un temps cr\u00e9atif commun pour explorer, apprendre \u00e0 soutenir l\u2019enfant dans son expression, renforcer la confiance et la cr\u00e9ativit\u00e9 ensemble.<\/p>\n<p>Le forfait de 3 s\u00e9ances permet d\u2019aller plus loin dans l\u2019exploration, de prendre le temps d\u2019approfondir certains points, de consolider la confiance et d\u2019encourager l\u2019enfant \u00e0 affirmer sa propre mani\u00e8re de cr\u00e9er, \u00e0 son rythme.<\/p>\n<p>\u00c0 <strong>Montigny-le-Bretonneux<\/strong> (jusqu\u2019\u00e0 d\u00e9but juillet) et \u00e0 <strong>Arzon<\/strong> (juillet-ao\u00fbt).<\/p>\n<p><strong>Mat\u00e9riel fourni<\/strong> lors de la premi\u00e8re s\u00e9ance. Ensuite, chaque participant vient avec son propre mat\u00e9riel.<\/p>\n<p><strong>Tarif<\/strong> : 210 \u20ac les 3 s\u00e9ances d\u20191h30.<\/p>\n<p class=\"p1\"><b>Modalit\u00e9s de r\u00e9servation :<br \/>\n<\/b><b><\/b>\u2022 Choisissez la date de l&rsquo;atelier dans la liste d\u00e9roulante ci-dessous.<br \/>\n\u2022 Vous pouvez r\u00e9server et payer en ligne ou choisir de payer sur place (option \u00e0 s\u00e9lectionner).<br \/>\n\u2022 Merci de pr\u00e9venir au moins 48h \u00e0 l\u2019avance en cas d\u2019annulation pour b\u00e9n\u00e9ficier d\u2019un remboursement. Pass\u00e9 ce d\u00e9lai, la s\u00e9ance sera due.<\/p>\n<p class=\"p1\"><b>Conditions :<br \/>\n<\/b><b><\/b>Les ateliers sont individuels. Les s\u00e9ances en groupe peuvent \u00eatre propos\u00e9es sur demande uniquement, si un nombre suffisant de participants est atteint. N\u2019h\u00e9sitez pas \u00e0 me contacter pour en discuter.<\/p>\n","protected":false},"excerpt":{"rendered":"<p>Un moment cr\u00e9atif \u00e0 partager en duo, pour soutenir l\u2019enfant dans sa cr\u00e9ativit\u00e9 et tisser un lien par la pratique artistique.<\/p>\n","protected":false},"featured_media":18551,"template":"","meta":{"_coblocks_attr":"","_coblocks_dimensions":"","_coblocks_responsive_height":"","_coblocks_accordion_ie_support":"","_crdt_document":"","jetpack_publicize_message":"","jetpack_publicize_feature_enabled":true,"jetpack_social_post_already_shared":true,"jetpack_social_options":{"image_generator_settings":{"template":"highway","default_image_id":0,"font":"","enabled":false},"version":2},"_wpas_customize_per_network":false},"product_brand":[],"product_cat":[673330706],"product_tag":[],"class_list":{"0":"post-18555","1":"product","2":"type-product","3":"status-publish","4":"has-post-thumbnail","6":"product_cat-ateliers","8":"first","9":"instock","10":"virtual","11":"purchasable","12":"product-type-simple"},"yoast_head":"<!-- This site is optimized with the Yoast SEO plugin v27.4 - https:\/\/yoast.com\/product\/yoast-seo-wordpress\/ -->\n<title>Atelier \u2022 Forfait 3 s\u00e9ances duo adulte + enfant 1h30 &#8902; Nadege Lelievre<\/title>\n<meta name=\"robots\" content=\"index, follow, max-snippet:-1, max-image-preview:large, max-video-preview:-1\" \/>\n<link rel=\"canonical\" href=\"https:\/\/nadegelelievre.com\/?product=atelier-forfait-3-seances-duo-adulte-enfant-1h30\" \/>\n<meta property=\"og:locale\" content=\"fr_FR\" \/>\n<meta property=\"og:type\" content=\"article\" \/>\n<meta property=\"og:title\" content=\"Atelier \u2022 Forfait 3 s\u00e9ances duo adulte + enfant 1h30 &#8902; Nadege Lelievre\" \/>\n<meta property=\"og:description\" content=\"Un moment cr\u00e9atif \u00e0 partager en duo, pour soutenir l\u2019enfant dans sa cr\u00e9ativit\u00e9 et tisser un lien par la pratique artistique.\" \/>\n<meta property=\"og:url\" content=\"https:\/\/nadegelelievre.com\/?product=atelier-forfait-3-seances-duo-adulte-enfant-1h30\" \/>\n<meta property=\"og:site_name\" content=\"Nadege Lelievre\" \/>\n<meta property=\"article:modified_time\" content=\"2025-10-23T09:52:57+00:00\" \/>\n<meta property=\"og:image\" content=\"https:\/\/nadegelelievre.com\/wp-content\/uploads\/2025\/07\/AtelierEnfant.jpg\" \/>\n\t<meta property=\"og:image:width\" content=\"800\" \/>\n\t<meta property=\"og:image:height\" content=\"533\" \/>\n\t<meta property=\"og:image:type\" content=\"image\/jpeg\" \/>\n<meta name=\"twitter:card\" content=\"summary_large_image\" \/>\n<meta name=\"twitter:label1\" content=\"Dur\u00e9e de lecture estim\u00e9e\" \/>\n\t<meta name=\"twitter:data1\" content=\"2 minutes\" \/>\n<script type=\"application\/ld+json\" class=\"yoast-schema-graph\">{\"@context\":\"https:\\\/\\\/schema.org\",\"@graph\":[{\"@type\":\"WebPage\",\"@id\":\"https:\\\/\\\/nadegelelievre.com\\\/?product=atelier-forfait-3-seances-duo-adulte-enfant-1h30\",\"url\":\"https:\\\/\\\/nadegelelievre.com\\\/?product=atelier-forfait-3-seances-duo-adulte-enfant-1h30\",\"name\":\"Atelier \u2022 Forfait 3 s\u00e9ances duo adulte + enfant 1h30 &#8902; Nadege Lelievre\",\"isPartOf\":{\"@id\":\"https:\\\/\\\/nadegelelievre.com\\\/#website\"},\"primaryImageOfPage\":{\"@id\":\"https:\\\/\\\/nadegelelievre.com\\\/?product=atelier-forfait-3-seances-duo-adulte-enfant-1h30#primaryimage\"},\"image\":{\"@id\":\"https:\\\/\\\/nadegelelievre.com\\\/?product=atelier-forfait-3-seances-duo-adulte-enfant-1h30#primaryimage\"},\"thumbnailUrl\":\"https:\\\/\\\/i0.wp.com\\\/nadegelelievre.com\\\/wp-content\\\/uploads\\\/2025\\\/07\\\/AtelierEnfant.jpg?fit=800%2C533&ssl=1\",\"datePublished\":\"2025-07-22T14:34:20+00:00\",\"dateModified\":\"2025-10-23T09:52:57+00:00\",\"breadcrumb\":{\"@id\":\"https:\\\/\\\/nadegelelievre.com\\\/?product=atelier-forfait-3-seances-duo-adulte-enfant-1h30#breadcrumb\"},\"inLanguage\":\"fr-FR\",\"potentialAction\":[{\"@type\":\"ReadAction\",\"target\":[\"https:\\\/\\\/nadegelelievre.com\\\/?product=atelier-forfait-3-seances-duo-adulte-enfant-1h30\"]}]},{\"@type\":\"ImageObject\",\"inLanguage\":\"fr-FR\",\"@id\":\"https:\\\/\\\/nadegelelievre.com\\\/?product=atelier-forfait-3-seances-duo-adulte-enfant-1h30#primaryimage\",\"url\":\"https:\\\/\\\/i0.wp.com\\\/nadegelelievre.com\\\/wp-content\\\/uploads\\\/2025\\\/07\\\/AtelierEnfant.jpg?fit=800%2C533&ssl=1\",\"contentUrl\":\"https:\\\/\\\/i0.wp.com\\\/nadegelelievre.com\\\/wp-content\\\/uploads\\\/2025\\\/07\\\/AtelierEnfant.jpg?fit=800%2C533&ssl=1\",\"width\":800,\"height\":533},{\"@type\":\"BreadcrumbList\",\"@id\":\"https:\\\/\\\/nadegelelievre.com\\\/?product=atelier-forfait-3-seances-duo-adulte-enfant-1h30#breadcrumb\",\"itemListElement\":[{\"@type\":\"ListItem\",\"position\":1,\"name\":\"Accueil\",\"item\":\"https:\\\/\\\/nadegelelievre.com\\\/\"},{\"@type\":\"ListItem\",\"position\":2,\"name\":\"Boutique\",\"item\":\"https:\\\/\\\/nadegelelievre.com\\\/?page_id=1386\"},{\"@type\":\"ListItem\",\"position\":3,\"name\":\"Atelier \u2022 Forfait 3 s\u00e9ances duo adulte + enfant 1h30\"}]},{\"@type\":\"WebSite\",\"@id\":\"https:\\\/\\\/nadegelelievre.com\\\/#website\",\"url\":\"https:\\\/\\\/nadegelelievre.com\\\/\",\"name\":\"\u2605 Under my skin \u2605 Nadege Lelievre\",\"description\":\"Art Graphisme Illustration\",\"publisher\":{\"@id\":\"https:\\\/\\\/nadegelelievre.com\\\/#organization\"},\"potentialAction\":[{\"@type\":\"SearchAction\",\"target\":{\"@type\":\"EntryPoint\",\"urlTemplate\":\"https:\\\/\\\/nadegelelievre.com\\\/?s={search_term_string}\"},\"query-input\":{\"@type\":\"PropertyValueSpecification\",\"valueRequired\":true,\"valueName\":\"search_term_string\"}}],\"inLanguage\":\"fr-FR\"},{\"@type\":\"Organization\",\"@id\":\"https:\\\/\\\/nadegelelievre.com\\\/#organization\",\"name\":\"Under my skin\",\"url\":\"https:\\\/\\\/nadegelelievre.com\\\/\",\"logo\":{\"@type\":\"ImageObject\",\"inLanguage\":\"fr-FR\",\"@id\":\"https:\\\/\\\/nadegelelievre.com\\\/#\\\/schema\\\/logo\\\/image\\\/\",\"url\":\"https:\\\/\\\/i0.wp.com\\\/undermyskin.fr\\\/wp-content\\\/uploads\\\/2021\\\/08\\\/LOGOundermyskin.png?fit=364%2C218&ssl=1\",\"contentUrl\":\"https:\\\/\\\/i0.wp.com\\\/undermyskin.fr\\\/wp-content\\\/uploads\\\/2021\\\/08\\\/LOGOundermyskin.png?fit=364%2C218&ssl=1\",\"width\":364,\"height\":218,\"caption\":\"Under my skin\"},\"image\":{\"@id\":\"https:\\\/\\\/nadegelelievre.com\\\/#\\\/schema\\\/logo\\\/image\\\/\"},\"sameAs\":[\"https:\\\/\\\/www.instagram.com\\\/nadege_lelievre\\\/\"]}]}<\/script>\n<!-- \/ Yoast SEO plugin. -->","yoast_head_json":{"title":"Atelier \u2022 Forfait 3 s\u00e9ances duo adulte + enfant 1h30 &#8902; Nadege Lelievre","robots":{"index":"index","follow":"follow","max-snippet":"max-snippet:-1","max-image-preview":"max-image-preview:large","max-video-preview":"max-video-preview:-1"},"canonical":"https:\/\/nadegelelievre.com\/?product=atelier-forfait-3-seances-duo-adulte-enfant-1h30","og_locale":"fr_FR","og_type":"article","og_title":"Atelier \u2022 Forfait 3 s\u00e9ances duo adulte + enfant 1h30 &#8902; Nadege Lelievre","og_description":"Un moment cr\u00e9atif \u00e0 partager en duo, pour soutenir l\u2019enfant dans sa cr\u00e9ativit\u00e9 et tisser un lien par la pratique artistique.","og_url":"https:\/\/nadegelelievre.com\/?product=atelier-forfait-3-seances-duo-adulte-enfant-1h30","og_site_name":"Nadege Lelievre","article_modified_time":"2025-10-23T09:52:57+00:00","og_image":[{"width":800,"height":533,"url":"https:\/\/nadegelelievre.com\/wp-content\/uploads\/2025\/07\/AtelierEnfant.jpg","type":"image\/jpeg"}],"twitter_card":"summary_large_image","twitter_misc":{"Dur\u00e9e de lecture estim\u00e9e":"2 minutes"},"schema":{"@context":"https:\/\/schema.org","@graph":[{"@type":"WebPage","@id":"https:\/\/nadegelelievre.com\/?product=atelier-forfait-3-seances-duo-adulte-enfant-1h30","url":"https:\/\/nadegelelievre.com\/?product=atelier-forfait-3-seances-duo-adulte-enfant-1h30","name":"Atelier \u2022 Forfait 3 s\u00e9ances duo adulte + enfant 1h30 &#8902; Nadege Lelievre","isPartOf":{"@id":"https:\/\/nadegelelievre.com\/#website"},"primaryImageOfPage":{"@id":"https:\/\/nadegelelievre.com\/?product=atelier-forfait-3-seances-duo-adulte-enfant-1h30#primaryimage"},"image":{"@id":"https:\/\/nadegelelievre.com\/?product=atelier-forfait-3-seances-duo-adulte-enfant-1h30#primaryimage"},"thumbnailUrl":"https:\/\/i0.wp.com\/nadegelelievre.com\/wp-content\/uploads\/2025\/07\/AtelierEnfant.jpg?fit=800%2C533&ssl=1","datePublished":"2025-07-22T14:34:20+00:00","dateModified":"2025-10-23T09:52:57+00:00","breadcrumb":{"@id":"https:\/\/nadegelelievre.com\/?product=atelier-forfait-3-seances-duo-adulte-enfant-1h30#breadcrumb"},"inLanguage":"fr-FR","potentialAction":[{"@type":"ReadAction","target":["https:\/\/nadegelelievre.com\/?product=atelier-forfait-3-seances-duo-adulte-enfant-1h30"]}]},{"@type":"ImageObject","inLanguage":"fr-FR","@id":"https:\/\/nadegelelievre.com\/?product=atelier-forfait-3-seances-duo-adulte-enfant-1h30#primaryimage","url":"https:\/\/i0.wp.com\/nadegelelievre.com\/wp-content\/uploads\/2025\/07\/AtelierEnfant.jpg?fit=800%2C533&ssl=1","contentUrl":"https:\/\/i0.wp.com\/nadegelelievre.com\/wp-content\/uploads\/2025\/07\/AtelierEnfant.jpg?fit=800%2C533&ssl=1","width":800,"height":533},{"@type":"BreadcrumbList","@id":"https:\/\/nadegelelievre.com\/?product=atelier-forfait-3-seances-duo-adulte-enfant-1h30#breadcrumb","itemListElement":[{"@type":"ListItem","position":1,"name":"Accueil","item":"https:\/\/nadegelelievre.com\/"},{"@type":"ListItem","position":2,"name":"Boutique","item":"https:\/\/nadegelelievre.com\/?page_id=1386"},{"@type":"ListItem","position":3,"name":"Atelier \u2022 Forfait 3 s\u00e9ances duo adulte + enfant 1h30"}]},{"@type":"WebSite","@id":"https:\/\/nadegelelievre.com\/#website","url":"https:\/\/nadegelelievre.com\/","name":"\u2605 Under my skin \u2605 Nadege Lelievre","description":"Art Graphisme Illustration","publisher":{"@id":"https:\/\/nadegelelievre.com\/#organization"},"potentialAction":[{"@type":"SearchAction","target":{"@type":"EntryPoint","urlTemplate":"https:\/\/nadegelelievre.com\/?s={search_term_string}"},"query-input":{"@type":"PropertyValueSpecification","valueRequired":true,"valueName":"search_term_string"}}],"inLanguage":"fr-FR"},{"@type":"Organization","@id":"https:\/\/nadegelelievre.com\/#organization","name":"Under my skin","url":"https:\/\/nadegelelievre.com\/","logo":{"@type":"ImageObject","inLanguage":"fr-FR","@id":"https:\/\/nadegelelievre.com\/#\/schema\/logo\/image\/","url":"https:\/\/i0.wp.com\/undermyskin.fr\/wp-content\/uploads\/2021\/08\/LOGOundermyskin.png?fit=364%2C218&ssl=1","contentUrl":"https:\/\/i0.wp.com\/undermyskin.fr\/wp-content\/uploads\/2021\/08\/LOGOundermyskin.png?fit=364%2C218&ssl=1","width":364,"height":218,"caption":"Under my skin"},"image":{"@id":"https:\/\/nadegelelievre.com\/#\/schema\/logo\/image\/"},"sameAs":["https:\/\/www.instagram.com\/nadege_lelievre\/"]}]}},"jetpack_publicize_connections":[],"jetpack_likes_enabled":false,"jetpack_sharing_enabled":true,"amp_enabled":true,"_links":{"self":[{"href":"https:\/\/nadegelelievre.com\/index.php?rest_route=\/wp\/v2\/product\/18555","targetHints":{"allow":["GET"]}}],"collection":[{"href":"https:\/\/nadegelelievre.com\/index.php?rest_route=\/wp\/v2\/product"}],"about":[{"href":"https:\/\/nadegelelievre.com\/index.php?rest_route=\/wp\/v2\/types\/product"}],"wp:featuredmedia":[{"embeddable":true,"href":"https:\/\/nadegelelievre.com\/index.php?rest_route=\/wp\/v2\/media\/18551"}],"wp:attachment":[{"href":"https:\/\/nadegelelievre.com\/index.php?rest_route=%2Fwp%2Fv2%2Fmedia&parent=18555"}],"wp:term":[{"taxonomy":"product_brand","embeddable":true,"href":"https:\/\/nadegelelievre.com\/index.php?rest_route=%2Fwp%2Fv2%2Fproduct_brand&post=18555"},{"taxonomy":"product_cat","embeddable":true,"href":"https:\/\/nadegelelievre.com\/index.php?rest_route=%2Fwp%2Fv2%2Fproduct_cat&post=18555"},{"taxonomy":"product_tag","embeddable":true,"href":"https:\/\/nadegelelievre.com\/index.php?rest_route=%2Fwp%2Fv2%2Fproduct_tag&post=18555"}],"curies":[{"name":"wp","href":"https:\/\/api.w.org\/{rel}","templated":true}]}}